{"id":29,"date":"2020-09-10T08:46:28","date_gmt":"2020-09-10T07:46:28","guid":{"rendered":"http:\/\/tataredony.hu\/?page_id=29"},"modified":"2022-02-21T13:00:49","modified_gmt":"2022-02-21T12:00:49","slug":"redony-szunyoghalo-telepitese-es-javitasa","status":"publish","type":"page","link":"https:\/\/tataredony.hu\/","title":{"rendered":"F\u0151oldal"},"content":{"rendered":"\n\n\n\n<h3 style=\"font-style: normal;font-family: Cabin, sans-serif;text-align: center\">RED\u0150NY\u00d6K JAV\u00cdT\u00c1SA, gurtnik cser\u00e9je, ak\u00e1r m\u00e9g MA.<\/h3>\n<h3 style=\"font-style: normal;font-family: Cabin, sans-serif;text-align: center\">&nbsp;Egyedi m\u00e9retre gy\u00e1rtott red\u0151ny\u00f6k, sz\u00fanyogh\u00e1l\u00f3k, relux\u00e1k \u00e9s szalagf\u00fcgg\u00f6ny\u00f6k telep\u00edt\u00e9se Tatab\u00e1nya \u00e9s 30km-es k\u00f6rzet\u00e9ben.<\/h3>\n\n\n\n\n\n\n\n\n\n\n\n<h2>Red\u0151ny<\/h2>\n\n\n<h1>A red\u0151ny a lak\u00f3\u00e9p\u00fcletek h\u0151- \u00e9s hangszigetel\u00e9s\u00e9t, esetenk\u00e9nt vagyonv\u00e9delm\u00e9t hivatott megoldani. Az elterjedt felhaszn\u00e1l\u00e1sa a ny\u00edl\u00e1sz\u00e1r\u00f3k el\u00e9 szerelt k\u00fcls\u0151 tokos, r\u00e1\u00e9p\u00edtett tokos vagy be\u00e9p\u00edtett tokos red\u0151ny.<\/h1>\n\n\n\n\n<h2>Sz\u00fanyogh\u00e1l\u00f3<\/h2>\n\n\n<h1>A sz\u00fanyogh\u00e1l\u00f3 a sz\u00fanyogok \u00e9s m\u00e1s rovarok t\u00e1vol tart\u00e1s\u00e1ra szolg\u00e1l\u00f3 s\u0171r\u0171 h\u00e1l\u00f3, melyet \u00e9p\u00fcletek ny\u00edl\u00e1sz\u00e1r\u00f3ira szok\u00e1s felszerelni.<\/h1>\n\n\n\n\n\n\n\n\n\n\n<h2>Reluxa<\/h2>\n\n\n<h1>Irod\u00e1k \u00e9s lak\u00e1sok kedvelt \u00e1rny\u00e9kol\u00f3i,&nbsp;praktikus \u00e9s eszt\u00e9tikus, gazdag sz\u00ednv\u00e1laszt\u00e9ka r\u00e9v\u00e9n a lak\u00e1s sz\u00edneihez tudjuk igaz\u00edtani, ak\u00e1r t\u00e9relv\u00e1laszt\u00f3k\u00e9nt is&nbsp;nagyszer\u0171en alkalmazhat\u00f3.Alkalmaz\u00e1sa szinte hat\u00e1rtalan lehet\u0151s\u00e9get ny\u00fajt, hiszen&nbsp;b\u00e1rmilyen ablakra illetve ajt\u00f3t\u00edpusra felszerelhet\u0151.<\/h1>\n\n\n\n\n\n\n\n\n<h3 style=\"font-style: normal;font-family: Cabin, sans-serif;text-align: center\">H\u00cdVJON a +36 30\/689-8708&nbsp;-as telefonsz\u00e1mon<\/h3>\n<h3 style=\"font-style: normal;font-family: Cabin, sans-serif;text-align: center\">vagy k\u00e9rjen D\u00cdJMENTES AJ\u00c1NLATOT<span style=\"font-family: Arial, Helvetica, sans-serif\">&nbsp;az&nbsp;<\/span><span style=\"font-family: Arial, Helvetica, sans-serif\">info@tataredony.hu e-mail c\u00edmen!<\/span><\/h3>\n\n\n\n","protected":false},"excerpt":{"rendered":"","protected":false},"author":1,"featured_media":0,"parent":0,"menu_order":0,"comment_status":"closed","ping_status":"closed","template":"","meta":[],"yoast_head":"<!-- This site is optimized with the Yoast SEO plugin v18.1 - https:\/\/yoast.com\/wordpress\/plugins\/seo\/ -->\n<title>Red\u0151ny, sz\u00fanyogh\u00e1l\u00f3 telep\u00edt\u00e9se, jav\u00edt\u00e1sa Tatared\u0151ny<\/title>\n<meta name=\"description\" content=\"Red\u0151ny, sz\u00fanyogh\u00e1l\u00f3 \u00e9s egy\u00e9b \u00e1rny\u00e9kol\u00e1stechnikai term\u00e9kek telep\u00edt\u00e9se \u00e9s jav\u00edt\u00e1sa. Minden term\u00e9k egyedi m\u00e9retre gy\u00e1rtva. Tatab\u00e1nya \u00e9s k\u00f6rny\u00e9ke\" \/>\n<meta name=\"robots\" content=\"noindex, follow\" \/>\n<meta property=\"og:locale\" content=\"hu_HU\" \/>\n<meta property=\"og:type\" content=\"article\" \/>\n<meta property=\"og:title\" content=\"Red\u0151ny, sz\u00fanyogh\u00e1l\u00f3 telep\u00edt\u00e9se, jav\u00edt\u00e1sa Tatared\u0151ny\" \/>\n<meta property=\"og:description\" content=\"Red\u0151ny, sz\u00fanyogh\u00e1l\u00f3 \u00e9s egy\u00e9b \u00e1rny\u00e9kol\u00e1stechnikai term\u00e9kek telep\u00edt\u00e9se \u00e9s jav\u00edt\u00e1sa. Minden term\u00e9k egyedi m\u00e9retre gy\u00e1rtva. Tatab\u00e1nya \u00e9s k\u00f6rny\u00e9ke\" \/>\n<meta property=\"og:url\" content=\"https:\/\/tataredony.hu\/\" \/>\n<meta property=\"og:site_name\" content=\"Tatared\u0151ny\" \/>\n<meta property=\"article:modified_time\" content=\"2022-02-21T12:00:49+00:00\" \/>\n<meta name=\"twitter:card\" content=\"summary_large_image\" \/>\n<meta name=\"twitter:label1\" content=\"Becs\u00fclt olvas\u00e1si id\u0151\" \/>\n\t<meta name=\"twitter:data1\" content=\"1 perc\" \/>\n<script type=\"application\/ld+json\" class=\"yoast-schema-graph\">{\"@context\":\"https:\/\/schema.org\",\"@graph\":[{\"@type\":[\"Person\",\"Organization\"],\"@id\":\"https:\/\/tataredony.hu\/#\/schema\/person\/2894f047c69ebc449692bbbeb9fe7db1\",\"name\":\"Kuska \u00c1d\u00e1m\",\"image\":{\"@type\":\"ImageObject\",\"@id\":\"https:\/\/tataredony.hu\/#personlogo\",\"inLanguage\":\"hu\",\"url\":\"https:\/\/secure.gravatar.com\/avatar\/ac0bbbb310a3b865331af0516a4b7b27?s=96&d=mm&r=g\",\"contentUrl\":\"https:\/\/secure.gravatar.com\/avatar\/ac0bbbb310a3b865331af0516a4b7b27?s=96&d=mm&r=g\",\"caption\":\"Kuska \u00c1d\u00e1m\"},\"logo\":{\"@id\":\"https:\/\/tataredony.hu\/#personlogo\"},\"sameAs\":[\"http:\/\/tataredony.hu\"]},{\"@type\":\"WebSite\",\"@id\":\"https:\/\/tataredony.hu\/#website\",\"url\":\"https:\/\/tataredony.hu\/\",\"name\":\"Tatared\u0151ny\",\"description\":\"Red\u0151ny, sz\u00fanyogh\u00e1l\u00f3 telep\u00edt\u00e9se, jav\u00edt\u00e1sa\",\"publisher\":{\"@id\":\"https:\/\/tataredony.hu\/#\/schema\/person\/2894f047c69ebc449692bbbeb9fe7db1\"},\"potentialAction\":[{\"@type\":\"SearchAction\",\"target\":{\"@type\":\"EntryPoint\",\"urlTemplate\":\"https:\/\/tataredony.hu\/?s={search_term_string}\"},\"query-input\":\"required name=search_term_string\"}],\"inLanguage\":\"hu\"},{\"@type\":\"WebPage\",\"@id\":\"https:\/\/tataredony.hu\/#webpage\",\"url\":\"https:\/\/tataredony.hu\/\",\"name\":\"Red\u0151ny, sz\u00fanyogh\u00e1l\u00f3 telep\u00edt\u00e9se, jav\u00edt\u00e1sa Tatared\u0151ny\",\"isPartOf\":{\"@id\":\"https:\/\/tataredony.hu\/#website\"},\"datePublished\":\"2020-09-10T07:46:28+00:00\",\"dateModified\":\"2022-02-21T12:00:49+00:00\",\"description\":\"Red\u0151ny, sz\u00fanyogh\u00e1l\u00f3 \u00e9s egy\u00e9b \u00e1rny\u00e9kol\u00e1stechnikai term\u00e9kek telep\u00edt\u00e9se \u00e9s jav\u00edt\u00e1sa. Minden term\u00e9k egyedi m\u00e9retre gy\u00e1rtva. Tatab\u00e1nya \u00e9s k\u00f6rny\u00e9ke\",\"breadcrumb\":{\"@id\":\"https:\/\/tataredony.hu\/#breadcrumb\"},\"inLanguage\":\"hu\",\"potentialAction\":[{\"@type\":\"ReadAction\",\"target\":[\"https:\/\/tataredony.hu\/\"]}]},{\"@type\":\"BreadcrumbList\",\"@id\":\"https:\/\/tataredony.hu\/#breadcrumb\",\"itemListElement\":[{\"@type\":\"ListItem\",\"position\":1,\"name\":\"Kezd\u0151lap\",\"item\":\"https:\/\/tataredony.hu\/\"},{\"@type\":\"ListItem\",\"position\":2,\"name\":\"F\u0151oldal\"}]}]}<\/script>\n<!-- \/ Yoast SEO plugin. -->","yoast_head_json":{"title":"Red\u0151ny, sz\u00fanyogh\u00e1l\u00f3 telep\u00edt\u00e9se, jav\u00edt\u00e1sa Tatared\u0151ny","description":"Red\u0151ny, sz\u00fanyogh\u00e1l\u00f3 \u00e9s egy\u00e9b \u00e1rny\u00e9kol\u00e1stechnikai term\u00e9kek telep\u00edt\u00e9se \u00e9s jav\u00edt\u00e1sa. Minden term\u00e9k egyedi m\u00e9retre gy\u00e1rtva. Tatab\u00e1nya \u00e9s k\u00f6rny\u00e9ke","robots":{"index":"noindex","follow":"follow"},"og_locale":"hu_HU","og_type":"article","og_title":"Red\u0151ny, sz\u00fanyogh\u00e1l\u00f3 telep\u00edt\u00e9se, jav\u00edt\u00e1sa Tatared\u0151ny","og_description":"Red\u0151ny, sz\u00fanyogh\u00e1l\u00f3 \u00e9s egy\u00e9b \u00e1rny\u00e9kol\u00e1stechnikai term\u00e9kek telep\u00edt\u00e9se \u00e9s jav\u00edt\u00e1sa. Minden term\u00e9k egyedi m\u00e9retre gy\u00e1rtva. Tatab\u00e1nya \u00e9s k\u00f6rny\u00e9ke","og_url":"https:\/\/tataredony.hu\/","og_site_name":"Tatared\u0151ny","article_modified_time":"2022-02-21T12:00:49+00:00","twitter_card":"summary_large_image","twitter_misc":{"Becs\u00fclt olvas\u00e1si id\u0151":"1 perc"},"schema":{"@context":"https:\/\/schema.org","@graph":[{"@type":["Person","Organization"],"@id":"https:\/\/tataredony.hu\/#\/schema\/person\/2894f047c69ebc449692bbbeb9fe7db1","name":"Kuska \u00c1d\u00e1m","image":{"@type":"ImageObject","@id":"https:\/\/tataredony.hu\/#personlogo","inLanguage":"hu","url":"https:\/\/secure.gravatar.com\/avatar\/ac0bbbb310a3b865331af0516a4b7b27?s=96&d=mm&r=g","contentUrl":"https:\/\/secure.gravatar.com\/avatar\/ac0bbbb310a3b865331af0516a4b7b27?s=96&d=mm&r=g","caption":"Kuska \u00c1d\u00e1m"},"logo":{"@id":"https:\/\/tataredony.hu\/#personlogo"},"sameAs":["http:\/\/tataredony.hu"]},{"@type":"WebSite","@id":"https:\/\/tataredony.hu\/#website","url":"https:\/\/tataredony.hu\/","name":"Tatared\u0151ny","description":"Red\u0151ny, sz\u00fanyogh\u00e1l\u00f3 telep\u00edt\u00e9se, jav\u00edt\u00e1sa","publisher":{"@id":"https:\/\/tataredony.hu\/#\/schema\/person\/2894f047c69ebc449692bbbeb9fe7db1"},"potentialAction":[{"@type":"SearchAction","target":{"@type":"EntryPoint","urlTemplate":"https:\/\/tataredony.hu\/?s={search_term_string}"},"query-input":"required name=search_term_string"}],"inLanguage":"hu"},{"@type":"WebPage","@id":"https:\/\/tataredony.hu\/#webpage","url":"https:\/\/tataredony.hu\/","name":"Red\u0151ny, sz\u00fanyogh\u00e1l\u00f3 telep\u00edt\u00e9se, jav\u00edt\u00e1sa Tatared\u0151ny","isPartOf":{"@id":"https:\/\/tataredony.hu\/#website"},"datePublished":"2020-09-10T07:46:28+00:00","dateModified":"2022-02-21T12:00:49+00:00","description":"Red\u0151ny, sz\u00fanyogh\u00e1l\u00f3 \u00e9s egy\u00e9b \u00e1rny\u00e9kol\u00e1stechnikai term\u00e9kek telep\u00edt\u00e9se \u00e9s jav\u00edt\u00e1sa. Minden term\u00e9k egyedi m\u00e9retre gy\u00e1rtva. Tatab\u00e1nya \u00e9s k\u00f6rny\u00e9ke","breadcrumb":{"@id":"https:\/\/tataredony.hu\/#breadcrumb"},"inLanguage":"hu","potentialAction":[{"@type":"ReadAction","target":["https:\/\/tataredony.hu\/"]}]},{"@type":"BreadcrumbList","@id":"https:\/\/tataredony.hu\/#breadcrumb","itemListElement":[{"@type":"ListItem","position":1,"name":"Kezd\u0151lap","item":"https:\/\/tataredony.hu\/"},{"@type":"ListItem","position":2,"name":"F\u0151oldal"}]}]}},"_links":{"self":[{"href":"https:\/\/tataredony.hu\/index.php?rest_route=\/wp\/v2\/pages\/29"}],"collection":[{"href":"https:\/\/tataredony.hu\/index.php?rest_route=\/wp\/v2\/pages"}],"about":[{"href":"https:\/\/tataredony.hu\/index.php?rest_route=\/wp\/v2\/types\/page"}],"author":[{"embeddable":true,"href":"https:\/\/tataredony.hu\/index.php?rest_route=\/wp\/v2\/users\/1"}],"replies":[{"embeddable":true,"href":"https:\/\/tataredony.hu\/index.php?rest_route=%2Fwp%2Fv2%2Fcomments&post=29"}],"version-history":[{"count":28,"href":"https:\/\/tataredony.hu\/index.php?rest_route=\/wp\/v2\/pages\/29\/revisions"}],"predecessor-version":[{"id":390,"href":"https:\/\/tataredony.hu\/index.php?rest_route=\/wp\/v2\/pages\/29\/revisions\/390"}],"wp:attachment":[{"href":"https:\/\/tataredony.hu\/index.php?rest_route=%2Fwp%2Fv2%2Fmedia&parent=29"}],"curies":[{"name":"wp","href":"https:\/\/api.w.org\/{rel}","templated":true}]}}