{"id":31,"date":"2020-09-10T08:46:28","date_gmt":"2020-09-10T08:46:28","guid":{"rendered":"http:\/\/tataredony.hu\/?page_id=31"},"modified":"2021-02-15T21:32:48","modified_gmt":"2021-02-15T20:32:48","slug":"szolgaltatasaink","status":"publish","type":"page","link":"https:\/\/tataredony.hu\/?page_id=31","title":{"rendered":"Szolg\u00e1ltat\u00e1saink"},"content":{"rendered":"\n\n\n\n\n\n\n\n\n\n\n\n\n\n\n\n\n\n\n\n\n\n\n\n\n\n\n\n\n\n\n\n\n\n\n\n\n\n\n\n\n\n\n\n<h2 class=\"w3-padding-32\" style=\"font-size: 30px;font-family: Lato, sans-serif;font-weight: 400;margin-top: 10px;margin-bottom: 10px;color: #000000;font-style: normal;padding-top: 32px !important;padding-bottom: 32px !important\">F\u0151 profilunk a red\u0151ny, reluxa, sz\u00fanyogh\u00e1l\u00f3 illetve az \u00e1rny\u00e9kol\u00e1stechnikai eszk\u00f6z\u00f6k be\u00e9p\u00edt\u00e9se. Emellett v\u00e1llaljuk ezen term\u00e9kek jav\u00edt\u00e1s\u00e1t, karbantart\u00e1s\u00e1t.<\/h2>\n\n\n\n\n\n\n\n\n<ul><li><h2>RED\u0150NY JAV\u00cdT\u00c1S<\/h2><\/li><li>Red\u0151ny gurtni\/zsin\u00f3r-beh\u00faz\u00f3 automata csere (feh\u00e9r vagy barna sz\u00ednben)<\/li><li>Red\u0151ny l\u00e9c csere<\/li><li>Red\u0151ny l\u00e9cbevezet\u0151 csere<\/li><li>Red\u0151ny pal\u00e1st csere<\/li><li>Red\u0151ny lefut\u00f3s\u00edn csere<\/li><li><h2><br><\/h2><\/li><\/ul>\n\n\n<ul><li><h2>Motoros RED\u0150NY JAV\u00cdT\u00c1S<\/h2><\/li><li>Programoz\u00e1s (fels\u0151 \u00e9s als\u00f3 v\u00e9gpoz\u00edci\u00f3 \u00e1ll\u00edt\u00e1s)<\/li><li>T\u00e1v\u00edr\u00e1ny\u00edt\u00f3 m\u00e1sol\u00e1s<\/li><li>Tart\u00f3konzol csere<\/li><li>Motorcsere<\/li><li><h2><br><\/h2><\/li><\/ul>\n<ul style=\"font-style: normal;font-weight: 400;font-size: 17.3333px;font-family: Cabin, sans-serif\"><li><h2>SZ\u00daNYOGH\u00c1L\u00d3 JAV\u00cdT\u00c1S<\/h2><\/li><li>H\u00e1l\u00f3csere oldalh\u00faz\u00f3s sz\u00fanyogh\u00e1l\u00f3s ajt\u00f3, fix m\u0171anyag vagy alum\u00ednium keretes sz\u00fanyogh\u00e1l\u00f3n\u00e1l.<\/li><\/ul>\n\n\n\n\n\n\n<ul><li><h2>RELUXA JAV\u00cdT\u00c1S<\/h2><\/li><li>Reluxa ford\u00edt\u00f3 p\u00e1lca csere<\/li><li>Reluxa ford\u00edt\u00f3 l\u00e9tra csere<\/li><li><br><\/li><li><span><\/span><span>&nbsp;L\u00e9tra szakad\u00e1sa eset\u00e9n a reluxa cser\u00e9j\u00e9t javasoljuk.<\/span><br><\/li><\/ul><h2><h1><h6><p><p><p><ul><li><br><\/li><\/ul><\/p><\/p><\/p><\/h6><\/h1><\/h2><ul><li><span><\/span><\/li><\/ul>\n\n\n<ul><li><h2>SZALAG F\u00dcGG\u00d6NY JAV\u00cdT\u00c1S<\/h2><\/li><li>V\u00e1szon cser\u00e9b\u0151l<\/li><li>Karnis cser\u00e9b\u0151l<\/li><\/ul>\n\n\n<ul><li><h2>ROLETTA JAV\u00cdT\u00c1S<\/h2><\/li><li>V\u00e1szon cser\u00e9b\u0151l<\/li><li>Szerkezet cser\u00e9b\u0151l<\/li><\/ul>\n\n\n<p class=\"MsoNormal\"><span>Figyelem! A rolett\u00e1kat helysz\u00ednen nem tudjuk jav\u00edtani. A\nhib\u00e1s term\u00e9ket be kell sz\u00e1ll\u00edtani a m\u0171helybe.<\/span><\/p>\n\n\n","protected":false},"excerpt":{"rendered":"","protected":false},"author":1,"featured_media":0,"parent":0,"menu_order":0,"comment_status":"closed","ping_status":"closed","template":"","meta":[],"yoast_head":"<!-- This site is optimized with the Yoast SEO plugin v18.1 - https:\/\/yoast.com\/wordpress\/plugins\/seo\/ -->\n<title>Szolg\u00e1ltat\u00e1saink Tatared\u0151ny<\/title>\n<meta name=\"description\" content=\"Red\u0151ny, sz\u00fanyogh\u00e1l\u00f3 \u00e9s egy\u00e9b \u00e1rny\u00e9kol\u00e1stechnikai term\u00e9kek telep\u00edt\u00e9se \u00e9s jav\u00edt\u00e1sa. Minden term\u00e9k egyedi m\u00e9retre van gy\u00e1rtva. Tatab\u00e1nya 30km-es k\u00f6rzet\u00e9ben.\" \/>\n<meta name=\"robots\" content=\"noindex, follow\" \/>\n<meta property=\"og:locale\" content=\"hu_HU\" \/>\n<meta property=\"og:type\" content=\"article\" \/>\n<meta property=\"og:title\" content=\"Szolg\u00e1ltat\u00e1saink Tatared\u0151ny\" \/>\n<meta property=\"og:description\" content=\"Red\u0151ny, sz\u00fanyogh\u00e1l\u00f3 \u00e9s egy\u00e9b \u00e1rny\u00e9kol\u00e1stechnikai term\u00e9kek telep\u00edt\u00e9se \u00e9s jav\u00edt\u00e1sa. Minden term\u00e9k egyedi m\u00e9retre van gy\u00e1rtva. Tatab\u00e1nya 30km-es k\u00f6rzet\u00e9ben.\" \/>\n<meta property=\"og:url\" content=\"https:\/\/tataredony.hu\/?page_id=31\" \/>\n<meta property=\"og:site_name\" content=\"Tatared\u0151ny\" \/>\n<meta property=\"article:modified_time\" content=\"2021-02-15T20:32:48+00:00\" \/>\n<meta name=\"twitter:card\" content=\"summary_large_image\" \/>\n<meta name=\"twitter:label1\" content=\"Becs\u00fclt olvas\u00e1si id\u0151\" \/>\n\t<meta name=\"twitter:data1\" content=\"1 perc\" \/>\n<script type=\"application\/ld+json\" class=\"yoast-schema-graph\">{\"@context\":\"https:\/\/schema.org\",\"@graph\":[{\"@type\":[\"Person\",\"Organization\"],\"@id\":\"https:\/\/tataredony.hu\/#\/schema\/person\/2894f047c69ebc449692bbbeb9fe7db1\",\"name\":\"Kuska \u00c1d\u00e1m\",\"image\":{\"@type\":\"ImageObject\",\"@id\":\"https:\/\/tataredony.hu\/#personlogo\",\"inLanguage\":\"hu\",\"url\":\"https:\/\/secure.gravatar.com\/avatar\/ac0bbbb310a3b865331af0516a4b7b27?s=96&d=mm&r=g\",\"contentUrl\":\"https:\/\/secure.gravatar.com\/avatar\/ac0bbbb310a3b865331af0516a4b7b27?s=96&d=mm&r=g\",\"caption\":\"Kuska \u00c1d\u00e1m\"},\"logo\":{\"@id\":\"https:\/\/tataredony.hu\/#personlogo\"},\"sameAs\":[\"http:\/\/tataredony.hu\"]},{\"@type\":\"WebSite\",\"@id\":\"https:\/\/tataredony.hu\/#website\",\"url\":\"https:\/\/tataredony.hu\/\",\"name\":\"Tatared\u0151ny\",\"description\":\"Red\u0151ny, sz\u00fanyogh\u00e1l\u00f3 telep\u00edt\u00e9se, jav\u00edt\u00e1sa\",\"publisher\":{\"@id\":\"https:\/\/tataredony.hu\/#\/schema\/person\/2894f047c69ebc449692bbbeb9fe7db1\"},\"potentialAction\":[{\"@type\":\"SearchAction\",\"target\":{\"@type\":\"EntryPoint\",\"urlTemplate\":\"https:\/\/tataredony.hu\/?s={search_term_string}\"},\"query-input\":\"required name=search_term_string\"}],\"inLanguage\":\"hu\"},{\"@type\":\"WebPage\",\"@id\":\"https:\/\/tataredony.hu\/?page_id=31#webpage\",\"url\":\"https:\/\/tataredony.hu\/?page_id=31\",\"name\":\"Szolg\u00e1ltat\u00e1saink Tatared\u0151ny\",\"isPartOf\":{\"@id\":\"https:\/\/tataredony.hu\/#website\"},\"datePublished\":\"2020-09-10T08:46:28+00:00\",\"dateModified\":\"2021-02-15T20:32:48+00:00\",\"description\":\"Red\u0151ny, sz\u00fanyogh\u00e1l\u00f3 \u00e9s egy\u00e9b \u00e1rny\u00e9kol\u00e1stechnikai term\u00e9kek telep\u00edt\u00e9se \u00e9s jav\u00edt\u00e1sa. Minden term\u00e9k egyedi m\u00e9retre van gy\u00e1rtva. Tatab\u00e1nya 30km-es k\u00f6rzet\u00e9ben.\",\"breadcrumb\":{\"@id\":\"https:\/\/tataredony.hu\/?page_id=31#breadcrumb\"},\"inLanguage\":\"hu\",\"potentialAction\":[{\"@type\":\"ReadAction\",\"target\":[\"https:\/\/tataredony.hu\/?page_id=31\"]}]},{\"@type\":\"BreadcrumbList\",\"@id\":\"https:\/\/tataredony.hu\/?page_id=31#breadcrumb\",\"itemListElement\":[{\"@type\":\"ListItem\",\"position\":1,\"name\":\"Kezd\u0151lap\",\"item\":\"https:\/\/tataredony.hu\/\"},{\"@type\":\"ListItem\",\"position\":2,\"name\":\"Szolg\u00e1ltat\u00e1saink\"}]}]}<\/script>\n<!-- \/ Yoast SEO plugin. -->","yoast_head_json":{"title":"Szolg\u00e1ltat\u00e1saink Tatared\u0151ny","description":"Red\u0151ny, sz\u00fanyogh\u00e1l\u00f3 \u00e9s egy\u00e9b \u00e1rny\u00e9kol\u00e1stechnikai term\u00e9kek telep\u00edt\u00e9se \u00e9s jav\u00edt\u00e1sa. Minden term\u00e9k egyedi m\u00e9retre van gy\u00e1rtva. Tatab\u00e1nya 30km-es k\u00f6rzet\u00e9ben.","robots":{"index":"noindex","follow":"follow"},"og_locale":"hu_HU","og_type":"article","og_title":"Szolg\u00e1ltat\u00e1saink Tatared\u0151ny","og_description":"Red\u0151ny, sz\u00fanyogh\u00e1l\u00f3 \u00e9s egy\u00e9b \u00e1rny\u00e9kol\u00e1stechnikai term\u00e9kek telep\u00edt\u00e9se \u00e9s jav\u00edt\u00e1sa. Minden term\u00e9k egyedi m\u00e9retre van gy\u00e1rtva. Tatab\u00e1nya 30km-es k\u00f6rzet\u00e9ben.","og_url":"https:\/\/tataredony.hu\/?page_id=31","og_site_name":"Tatared\u0151ny","article_modified_time":"2021-02-15T20:32:48+00:00","twitter_card":"summary_large_image","twitter_misc":{"Becs\u00fclt olvas\u00e1si id\u0151":"1 perc"},"schema":{"@context":"https:\/\/schema.org","@graph":[{"@type":["Person","Organization"],"@id":"https:\/\/tataredony.hu\/#\/schema\/person\/2894f047c69ebc449692bbbeb9fe7db1","name":"Kuska \u00c1d\u00e1m","image":{"@type":"ImageObject","@id":"https:\/\/tataredony.hu\/#personlogo","inLanguage":"hu","url":"https:\/\/secure.gravatar.com\/avatar\/ac0bbbb310a3b865331af0516a4b7b27?s=96&d=mm&r=g","contentUrl":"https:\/\/secure.gravatar.com\/avatar\/ac0bbbb310a3b865331af0516a4b7b27?s=96&d=mm&r=g","caption":"Kuska \u00c1d\u00e1m"},"logo":{"@id":"https:\/\/tataredony.hu\/#personlogo"},"sameAs":["http:\/\/tataredony.hu"]},{"@type":"WebSite","@id":"https:\/\/tataredony.hu\/#website","url":"https:\/\/tataredony.hu\/","name":"Tatared\u0151ny","description":"Red\u0151ny, sz\u00fanyogh\u00e1l\u00f3 telep\u00edt\u00e9se, jav\u00edt\u00e1sa","publisher":{"@id":"https:\/\/tataredony.hu\/#\/schema\/person\/2894f047c69ebc449692bbbeb9fe7db1"},"potentialAction":[{"@type":"SearchAction","target":{"@type":"EntryPoint","urlTemplate":"https:\/\/tataredony.hu\/?s={search_term_string}"},"query-input":"required name=search_term_string"}],"inLanguage":"hu"},{"@type":"WebPage","@id":"https:\/\/tataredony.hu\/?page_id=31#webpage","url":"https:\/\/tataredony.hu\/?page_id=31","name":"Szolg\u00e1ltat\u00e1saink Tatared\u0151ny","isPartOf":{"@id":"https:\/\/tataredony.hu\/#website"},"datePublished":"2020-09-10T08:46:28+00:00","dateModified":"2021-02-15T20:32:48+00:00","description":"Red\u0151ny, sz\u00fanyogh\u00e1l\u00f3 \u00e9s egy\u00e9b \u00e1rny\u00e9kol\u00e1stechnikai term\u00e9kek telep\u00edt\u00e9se \u00e9s jav\u00edt\u00e1sa. Minden term\u00e9k egyedi m\u00e9retre van gy\u00e1rtva. Tatab\u00e1nya 30km-es k\u00f6rzet\u00e9ben.","breadcrumb":{"@id":"https:\/\/tataredony.hu\/?page_id=31#breadcrumb"},"inLanguage":"hu","potentialAction":[{"@type":"ReadAction","target":["https:\/\/tataredony.hu\/?page_id=31"]}]},{"@type":"BreadcrumbList","@id":"https:\/\/tataredony.hu\/?page_id=31#breadcrumb","itemListElement":[{"@type":"ListItem","position":1,"name":"Kezd\u0151lap","item":"https:\/\/tataredony.hu\/"},{"@type":"ListItem","position":2,"name":"Szolg\u00e1ltat\u00e1saink"}]}]}},"_links":{"self":[{"href":"https:\/\/tataredony.hu\/index.php?rest_route=\/wp\/v2\/pages\/31"}],"collection":[{"href":"https:\/\/tataredony.hu\/index.php?rest_route=\/wp\/v2\/pages"}],"about":[{"href":"https:\/\/tataredony.hu\/index.php?rest_route=\/wp\/v2\/types\/page"}],"author":[{"embeddable":true,"href":"https:\/\/tataredony.hu\/index.php?rest_route=\/wp\/v2\/users\/1"}],"replies":[{"embeddable":true,"href":"https:\/\/tataredony.hu\/index.php?rest_route=%2Fwp%2Fv2%2Fcomments&post=31"}],"version-history":[{"count":18,"href":"https:\/\/tataredony.hu\/index.php?rest_route=\/wp\/v2\/pages\/31\/revisions"}],"predecessor-version":[{"id":345,"href":"https:\/\/tataredony.hu\/index.php?rest_route=\/wp\/v2\/pages\/31\/revisions\/345"}],"wp:attachment":[{"href":"https:\/\/tataredony.hu\/index.php?rest_route=%2Fwp%2Fv2%2Fmedia&parent=31"}],"curies":[{"name":"wp","href":"https:\/\/api.w.org\/{rel}","templated":true}]}}