{"id":34,"date":"2020-09-10T08:46:28","date_gmt":"2020-09-10T08:46:28","guid":{"rendered":"http:\/\/tataredony.hu\/?page_id=34"},"modified":"2020-09-11T22:07:46","modified_gmt":"2020-09-11T21:07:46","slug":"kapcsolat","status":"publish","type":"page","link":"https:\/\/tataredony.hu\/?page_id=34","title":{"rendered":"Kapcsolat"},"content":{"rendered":"<p>[pl_row pagelayer-id=&#8221;dikdot2lsooh0vve&#8221;  0=&#8221;&#8221;]<br \/>\n[pl_col pagelayer-id=&#8221;rp62ztcy2f0nrg15&#8243;  col=&#8221;12&#8243;]<br \/>\n[pl_text pagelayer-id=&#8221;zlinfk979ypatkol&#8221;  0=&#8221;&#8221;]<\/p>\n<p>[\/pl_text]<br \/>\n[pl_image pagelayer-id=&#8221;9sOA7Gq2OMdKpIzp&#8221;  id=&#8221;205&#8243; id-size=&#8221;full&#8221; align=&#8221;center&#8221; img_hover=&#8221;normal&#8221; img_hover_delay=&#8221;400&#8243; caption_color=&#8221;#0986c0&#8243;]<br \/>\n[\/pl_image]<br \/>\n[\/pl_col]<br \/>\n[\/pl_row]<br \/>\n[pl_row pagelayer-id=&#8221;SdlLiizirgfbCpjm&#8221;  stretch=&#8221;auto&#8221; col_gap=&#8221;10&#8243; width_content=&#8221;auto&#8221; row_height=&#8221;default&#8221; overlay_hover_delay=&#8221;400&#8243; row_shape_top_color=&#8221;#227bc3&#8243; row_shape_top_width=&#8221;100&#8243; row_shape_top_height=&#8221;100&#8243; row_shape_bottom_color=&#8221;#e44993&#8243; row_shape_bottom_width=&#8221;100&#8243; row_shape_bottom_height=&#8221;100&#8243;]<br \/>\n[pl_col pagelayer-id=&#8221;g5s8yCKrNjDIYzJb&#8221;  widget_space=&#8221;15&#8243; overlay_hover_delay=&#8221;400&#8243;]<br \/>\n[\/pl_col]<br \/>\n[\/pl_row]<br \/>\n[pl_row pagelayer-id=&#8221;K8q8Wqh1v0INiQBu&#8221;  stretch=&#8221;auto&#8221; col_gap=&#8221;10&#8243; width_content=&#8221;auto&#8221; row_height=&#8221;default&#8221; overlay_hover_delay=&#8221;400&#8243; row_shape_top_color=&#8221;#227bc3&#8243; row_shape_top_width=&#8221;100&#8243; row_shape_top_height=&#8221;100&#8243; row_shape_bottom_color=&#8221;#e44993&#8243; row_shape_bottom_width=&#8221;100&#8243; row_shape_bottom_height=&#8221;100&#8243;]<br \/>\n[pl_col pagelayer-id=&#8221;vOBib6PilfDXaAli&#8221;  widget_space=&#8221;15&#8243; overlay_hover_delay=&#8221;400&#8243;]<br \/>\n[pl_text pagelayer-id=&#8221;8b7LbjBgoEUKz7VG&#8221; ]<\/p>\n<p style=\"text-align: center;\"><span style=\"font-size: 25px;\">Kuska \u00c1d\u00e1m Egy\u00e9ni v\u00e1llalkoz\u00f3<\/span><\/p>\n<p><span style=\"font-size: 25px;\"><br \/><\/span><\/p>\n<p style=\"text-align: center;\"><span style=\"font-size: 25px;\">Tatab\u00e1nya<\/span><\/p>\n<p><span style=\"font-size: 25px;\"><br \/><\/span><\/p>\n<p style=\"text-align: center;\"><span style=\"font-size: 25px;\">Telefon: +36306898708<\/span><\/p>\n<p><span style=\"font-size: 25px;\"><br \/><\/span><\/p>\n<p style=\"text-align: center; \"><span style=\"font-size: 25px;\">Email: info@tataredony.hu<\/span><\/p>\n<p>[\/pl_text]<br \/>\n[\/pl_col]<br \/>\n[\/pl_row]<\/p>\n","protected":false},"excerpt":{"rendered":"<p>[pl_row pagelayer-id=&#8221;dikdot2lsooh0vve&#8221; 0=&#8221;&#8221;] [pl_col pagelayer-id=&#8221;rp62ztcy2f0nrg15&#8243; col=&#8221;12&#8243;] [pl_text pagelayer-id=&#8221;zlinfk979ypatkol&#8221; 0=&#8221;&#8221;] [\/pl_text] [pl_image pagelayer-id=&#8221;9sOA7Gq2OMdKpIzp&#8221; id=&#8221;205&#8243; id-size=&#8221;full&#8221; align=&#8221;center&#8221; img_hover=&#8221;normal&#8221; img_hover_delay=&#8221;400&#8243; caption_color=&#8221;#0986c0&#8243;] [\/pl_image] [\/pl_col] [\/pl_row] [pl_row pagelayer-id=&#8221;SdlLiizirgfbCpjm&#8221; stretch=&#8221;auto&#8221; col_gap=&#8221;10&#8243; width_content=&#8221;auto&#8221; row_height=&#8221;default&#8221; overlay_hover_delay=&#8221;400&#8243; row_shape_top_color=&#8221;#227bc3&#8243; row_shape_top_width=&#8221;100&#8243; row_shape_top_height=&#8221;100&#8243; row_shape_bottom_color=&#8221;#e44993&#8243; row_shape_bottom_width=&#8221;100&#8243; row_shape_bottom_height=&#8221;100&#8243;] [pl_col pagelayer-id=&#8221;g5s8yCKrNjDIYzJb&#8221; widget_space=&#8221;15&#8243; overlay_hover_delay=&#8221;400&#8243;] [\/pl_col] [\/pl_row] [pl_row pagelayer-id=&#8221;K8q8Wqh1v0INiQBu&#8221; stretch=&#8221;auto&#8221; col_gap=&#8221;10&#8243; width_content=&#8221;auto&#8221; row_height=&#8221;default&#8221; overlay_hover_delay=&#8221;400&#8243; row_shape_top_color=&#8221;#227bc3&#8243; row_shape_top_width=&#8221;100&#8243; row_shape_top_height=&#8221;100&#8243; row_shape_bottom_color=&#8221;#e44993&#8243; row_shape_bottom_width=&#8221;100&#8243; row_shape_bottom_height=&#8221;100&#8243;] [pl_col pagelayer-id=&#8221;vOBib6PilfDXaAli&#8221; [&hellip;]<\/p>\n","protected":false},"author":1,"featured_media":0,"parent":0,"menu_order":0,"comment_status":"closed","ping_status":"closed","template":"","meta":[],"yoast_head":"<!-- This site is optimized with the Yoast SEO plugin v18.1 - https:\/\/yoast.com\/wordpress\/plugins\/seo\/ -->\n<title>Kapcsolat Tatared\u0151ny<\/title>\n<meta name=\"description\" content=\"Red\u0151ny, sz\u00fanyogh\u00e1l\u00f3 \u00e9s egy\u00e9b \u00e1rny\u00e9kol\u00e1stechnikai term\u00e9kek telep\u00edt\u00e9se \u00e9s jav\u00edt\u00e1sa. Minden term\u00e9k egyedi m\u00e9retre van gy\u00e1rtva. Tatab\u00e1nya 30km-es k\u00f6rzet\u00e9ben.\" \/>\n<meta name=\"robots\" content=\"noindex, follow\" \/>\n<meta property=\"og:locale\" content=\"hu_HU\" \/>\n<meta property=\"og:type\" content=\"article\" \/>\n<meta property=\"og:title\" content=\"Kapcsolat Tatared\u0151ny\" \/>\n<meta property=\"og:description\" content=\"Red\u0151ny, sz\u00fanyogh\u00e1l\u00f3 \u00e9s egy\u00e9b \u00e1rny\u00e9kol\u00e1stechnikai term\u00e9kek telep\u00edt\u00e9se \u00e9s jav\u00edt\u00e1sa. Minden term\u00e9k egyedi m\u00e9retre van gy\u00e1rtva. Tatab\u00e1nya 30km-es k\u00f6rzet\u00e9ben.\" \/>\n<meta property=\"og:url\" content=\"https:\/\/tataredony.hu\/?page_id=34\" \/>\n<meta property=\"og:site_name\" content=\"Tatared\u0151ny\" \/>\n<meta property=\"article:modified_time\" content=\"2020-09-11T21:07:46+00:00\" \/>\n<meta name=\"twitter:card\" content=\"summary_large_image\" \/>\n<meta name=\"twitter:label1\" content=\"Becs\u00fclt olvas\u00e1si id\u0151\" \/>\n\t<meta name=\"twitter:data1\" content=\"1 perc\" \/>\n<script type=\"application\/ld+json\" class=\"yoast-schema-graph\">{\"@context\":\"https:\/\/schema.org\",\"@graph\":[{\"@type\":[\"Person\",\"Organization\"],\"@id\":\"https:\/\/tataredony.hu\/#\/schema\/person\/2894f047c69ebc449692bbbeb9fe7db1\",\"name\":\"Kuska \u00c1d\u00e1m\",\"image\":{\"@type\":\"ImageObject\",\"@id\":\"https:\/\/tataredony.hu\/#personlogo\",\"inLanguage\":\"hu\",\"url\":\"https:\/\/secure.gravatar.com\/avatar\/ac0bbbb310a3b865331af0516a4b7b27?s=96&d=mm&r=g\",\"contentUrl\":\"https:\/\/secure.gravatar.com\/avatar\/ac0bbbb310a3b865331af0516a4b7b27?s=96&d=mm&r=g\",\"caption\":\"Kuska \u00c1d\u00e1m\"},\"logo\":{\"@id\":\"https:\/\/tataredony.hu\/#personlogo\"},\"sameAs\":[\"http:\/\/tataredony.hu\"]},{\"@type\":\"WebSite\",\"@id\":\"https:\/\/tataredony.hu\/#website\",\"url\":\"https:\/\/tataredony.hu\/\",\"name\":\"Tatared\u0151ny\",\"description\":\"Red\u0151ny, sz\u00fanyogh\u00e1l\u00f3 telep\u00edt\u00e9se, jav\u00edt\u00e1sa\",\"publisher\":{\"@id\":\"https:\/\/tataredony.hu\/#\/schema\/person\/2894f047c69ebc449692bbbeb9fe7db1\"},\"potentialAction\":[{\"@type\":\"SearchAction\",\"target\":{\"@type\":\"EntryPoint\",\"urlTemplate\":\"https:\/\/tataredony.hu\/?s={search_term_string}\"},\"query-input\":\"required name=search_term_string\"}],\"inLanguage\":\"hu\"},{\"@type\":\"WebPage\",\"@id\":\"https:\/\/tataredony.hu\/?page_id=34#webpage\",\"url\":\"https:\/\/tataredony.hu\/?page_id=34\",\"name\":\"Kapcsolat Tatared\u0151ny\",\"isPartOf\":{\"@id\":\"https:\/\/tataredony.hu\/#website\"},\"datePublished\":\"2020-09-10T08:46:28+00:00\",\"dateModified\":\"2020-09-11T21:07:46+00:00\",\"description\":\"Red\u0151ny, sz\u00fanyogh\u00e1l\u00f3 \u00e9s egy\u00e9b \u00e1rny\u00e9kol\u00e1stechnikai term\u00e9kek telep\u00edt\u00e9se \u00e9s jav\u00edt\u00e1sa. Minden term\u00e9k egyedi m\u00e9retre van gy\u00e1rtva. Tatab\u00e1nya 30km-es k\u00f6rzet\u00e9ben.\",\"breadcrumb\":{\"@id\":\"https:\/\/tataredony.hu\/?page_id=34#breadcrumb\"},\"inLanguage\":\"hu\",\"potentialAction\":[{\"@type\":\"ReadAction\",\"target\":[\"https:\/\/tataredony.hu\/?page_id=34\"]}]},{\"@type\":\"BreadcrumbList\",\"@id\":\"https:\/\/tataredony.hu\/?page_id=34#breadcrumb\",\"itemListElement\":[{\"@type\":\"ListItem\",\"position\":1,\"name\":\"Kezd\u0151lap\",\"item\":\"https:\/\/tataredony.hu\/\"},{\"@type\":\"ListItem\",\"position\":2,\"name\":\"Kapcsolat\"}]}]}<\/script>\n<!-- \/ Yoast SEO plugin. -->","yoast_head_json":{"title":"Kapcsolat Tatared\u0151ny","description":"Red\u0151ny, sz\u00fanyogh\u00e1l\u00f3 \u00e9s egy\u00e9b \u00e1rny\u00e9kol\u00e1stechnikai term\u00e9kek telep\u00edt\u00e9se \u00e9s jav\u00edt\u00e1sa. Minden term\u00e9k egyedi m\u00e9retre van gy\u00e1rtva. Tatab\u00e1nya 30km-es k\u00f6rzet\u00e9ben.","robots":{"index":"noindex","follow":"follow"},"og_locale":"hu_HU","og_type":"article","og_title":"Kapcsolat Tatared\u0151ny","og_description":"Red\u0151ny, sz\u00fanyogh\u00e1l\u00f3 \u00e9s egy\u00e9b \u00e1rny\u00e9kol\u00e1stechnikai term\u00e9kek telep\u00edt\u00e9se \u00e9s jav\u00edt\u00e1sa. Minden term\u00e9k egyedi m\u00e9retre van gy\u00e1rtva. Tatab\u00e1nya 30km-es k\u00f6rzet\u00e9ben.","og_url":"https:\/\/tataredony.hu\/?page_id=34","og_site_name":"Tatared\u0151ny","article_modified_time":"2020-09-11T21:07:46+00:00","twitter_card":"summary_large_image","twitter_misc":{"Becs\u00fclt olvas\u00e1si id\u0151":"1 perc"},"schema":{"@context":"https:\/\/schema.org","@graph":[{"@type":["Person","Organization"],"@id":"https:\/\/tataredony.hu\/#\/schema\/person\/2894f047c69ebc449692bbbeb9fe7db1","name":"Kuska \u00c1d\u00e1m","image":{"@type":"ImageObject","@id":"https:\/\/tataredony.hu\/#personlogo","inLanguage":"hu","url":"https:\/\/secure.gravatar.com\/avatar\/ac0bbbb310a3b865331af0516a4b7b27?s=96&d=mm&r=g","contentUrl":"https:\/\/secure.gravatar.com\/avatar\/ac0bbbb310a3b865331af0516a4b7b27?s=96&d=mm&r=g","caption":"Kuska \u00c1d\u00e1m"},"logo":{"@id":"https:\/\/tataredony.hu\/#personlogo"},"sameAs":["http:\/\/tataredony.hu"]},{"@type":"WebSite","@id":"https:\/\/tataredony.hu\/#website","url":"https:\/\/tataredony.hu\/","name":"Tatared\u0151ny","description":"Red\u0151ny, sz\u00fanyogh\u00e1l\u00f3 telep\u00edt\u00e9se, jav\u00edt\u00e1sa","publisher":{"@id":"https:\/\/tataredony.hu\/#\/schema\/person\/2894f047c69ebc449692bbbeb9fe7db1"},"potentialAction":[{"@type":"SearchAction","target":{"@type":"EntryPoint","urlTemplate":"https:\/\/tataredony.hu\/?s={search_term_string}"},"query-input":"required name=search_term_string"}],"inLanguage":"hu"},{"@type":"WebPage","@id":"https:\/\/tataredony.hu\/?page_id=34#webpage","url":"https:\/\/tataredony.hu\/?page_id=34","name":"Kapcsolat Tatared\u0151ny","isPartOf":{"@id":"https:\/\/tataredony.hu\/#website"},"datePublished":"2020-09-10T08:46:28+00:00","dateModified":"2020-09-11T21:07:46+00:00","description":"Red\u0151ny, sz\u00fanyogh\u00e1l\u00f3 \u00e9s egy\u00e9b \u00e1rny\u00e9kol\u00e1stechnikai term\u00e9kek telep\u00edt\u00e9se \u00e9s jav\u00edt\u00e1sa. Minden term\u00e9k egyedi m\u00e9retre van gy\u00e1rtva. Tatab\u00e1nya 30km-es k\u00f6rzet\u00e9ben.","breadcrumb":{"@id":"https:\/\/tataredony.hu\/?page_id=34#breadcrumb"},"inLanguage":"hu","potentialAction":[{"@type":"ReadAction","target":["https:\/\/tataredony.hu\/?page_id=34"]}]},{"@type":"BreadcrumbList","@id":"https:\/\/tataredony.hu\/?page_id=34#breadcrumb","itemListElement":[{"@type":"ListItem","position":1,"name":"Kezd\u0151lap","item":"https:\/\/tataredony.hu\/"},{"@type":"ListItem","position":2,"name":"Kapcsolat"}]}]}},"_links":{"self":[{"href":"https:\/\/tataredony.hu\/index.php?rest_route=\/wp\/v2\/pages\/34"}],"collection":[{"href":"https:\/\/tataredony.hu\/index.php?rest_route=\/wp\/v2\/pages"}],"about":[{"href":"https:\/\/tataredony.hu\/index.php?rest_route=\/wp\/v2\/types\/page"}],"author":[{"embeddable":true,"href":"https:\/\/tataredony.hu\/index.php?rest_route=\/wp\/v2\/users\/1"}],"replies":[{"embeddable":true,"href":"https:\/\/tataredony.hu\/index.php?rest_route=%2Fwp%2Fv2%2Fcomments&post=34"}],"version-history":[{"count":6,"href":"https:\/\/tataredony.hu\/index.php?rest_route=\/wp\/v2\/pages\/34\/revisions"}],"predecessor-version":[{"id":234,"href":"https:\/\/tataredony.hu\/index.php?rest_route=\/wp\/v2\/pages\/34\/revisions\/234"}],"wp:attachment":[{"href":"https:\/\/tataredony.hu\/index.php?rest_route=%2Fwp%2Fv2%2Fmedia&parent=34"}],"curies":[{"name":"wp","href":"https:\/\/api.w.org\/{rel}","templated":true}]}}