{"id":54,"date":"2020-09-10T08:57:38","date_gmt":"2020-09-10T08:57:38","guid":{"rendered":"http:\/\/tataredony.hu\/?page_id=54"},"modified":"2020-10-28T11:02:34","modified_gmt":"2020-10-28T10:02:34","slug":"redony-2","status":"publish","type":"page","link":"https:\/\/tataredony.hu\/?page_id=54","title":{"rendered":"Red\u0151ny"},"content":{"rendered":"<p>[pl_row pagelayer-id=&#8221;5Gomdyksx9d9LZc3&#8243;  stretch=&#8221;auto&#8221; col_gap=&#8221;10&#8243; width_content=&#8221;auto&#8221; row_height=&#8221;default&#8221; overlay_hover_delay=&#8221;400&#8243; row_shape_top_color=&#8221;#227bc3&#8243; row_shape_top_width=&#8221;100&#8243; row_shape_top_height=&#8221;100&#8243; row_shape_bottom_color=&#8221;#e44993&#8243; row_shape_bottom_width=&#8221;100&#8243; row_shape_bottom_height=&#8221;100&#8243;][pl_col pagelayer-id=&#8221;04PXtp35OLE79yed&#8221;  widget_space=&#8221;15&#8243; overlay_hover_delay=&#8221;400&#8243;][pl_image pagelayer-id=&#8221;yT10aFWClB8XIy47&#8243;  id=&#8221;205&#8243; id-size=&#8221;custom&#8221; align=&#8221;center&#8221; img_hover=&#8221;normal&#8221; img_hover_delay=&#8221;400&#8243; caption_color=&#8221;#0986c0&#8243; custom_size=&#8221;x250&#8243;]<\/p>\n<p>[\/pl_image]<br \/>\n[\/pl_col]<br \/>\n[\/pl_row]<br \/>\n[pl_row pagelayer-id=&#8221;eEewuk5rL5jV0ONT&#8221;  stretch=&#8221;auto&#8221; col_gap=&#8221;10&#8243; width_content=&#8221;auto&#8221; row_height=&#8221;default&#8221; overlay_hover_delay=&#8221;400&#8243; row_shape_top_color=&#8221;#227bc3&#8243; row_shape_top_width=&#8221;100&#8243; row_shape_top_height=&#8221;100&#8243; row_shape_bottom_color=&#8221;#e44993&#8243; row_shape_bottom_width=&#8221;100&#8243; row_shape_bottom_height=&#8221;100&#8243;][pl_col pagelayer-id=&#8221;RUJwqWwPUcYN6bHh&#8221;  widget_space=&#8221;15&#8243; overlay_hover_delay=&#8221;400&#8243;][pl_inner_row pagelayer-id=&#8221;kxDweprTB8LgxIMV&#8221;  stretch=&#8221;auto&#8221; col_gap=&#8221;10&#8243; width_content=&#8221;auto&#8221; row_height=&#8221;default&#8221; overlay_hover_delay=&#8221;400&#8243; row_shape_top_color=&#8221;#227bc3&#8243; row_shape_top_width=&#8221;100&#8243; row_shape_top_height=&#8221;100&#8243; row_shape_bottom_color=&#8221;#e44993&#8243; row_shape_bottom_width=&#8221;100&#8243; row_shape_bottom_height=&#8221;100&#8243;][pl_inner_col pagelayer-id=&#8221;Ckhiud0sbs63iDKP&#8221;  widget_space=&#8221;15&#8243; overlay_hover_delay=&#8221;400&#8243; col_width=&#8221;66.00&#8243;][pl_heading pagelayer-id=&#8221;Wmggvpi7QPbqIcRm&#8221;  heading_state=&#8221;normal&#8221;]<\/p>\n<h2>1. M\u0171anyag Red\u0151ny<\/h2>\n<p>[\/pl_heading]<br \/>\n[pl_text pagelayer-id=&#8221;6xCUVH1yXPMF8OAe&#8221; ]<\/p>\n<p style=\"text-align: justify\">A red\u0151ny t\u00edpusok k\u00f6z\u00f6tt tal\u00e1n ez a legn\u00e9pszer\u0171bb. Megfizethet\u0151 \u00e1ron, b\u00e1rmilyen sz\u00ednben v\u00e1laszthat\u00f3.<span style=\"font-size: 16px\">K\u00edv\u00fcl a ny\u00edl\u00e1sz\u00e1r\u00f3 tetej\u00e9n egy tok tal\u00e1lhat\u00f3, amely lindab lemezb\u0151l k\u00e9sz\u00fcl, valamint a tok v\u00e9d\u0151f\u00f3li\u00e1val van ell\u00e1tva az esetleges s\u00e9r\u00fcl\u00e9sek elker\u00fcl\u00e9se v\u00e9gett.<\/span><\/p>\n<p style=\"text-align: justify\"><span style=\"font-size: 16px\"><br \/><\/span><\/p>\n<p style=\"text-align: justify\"><span style=\"font-size: 16px\">Alap esetben a lefut\u00f3s\u00edn 45\u00d760 mm-es vagy 22\u00d753 mm-es lehet. Mink\u00e9t esetben zajcs\u00f6kkent\u0151 gumival vannak ell\u00e1tva.<\/span><span style=\"font-size: 16px\">A lefut\u00f3k feh\u00e9r vagy barna sz\u00edn\u0171ek lehetnek, amelyhez term\u00e9szetesen a gurtni is v\u00e1laszthat\u00f3 feh\u00e9r vagy barna sz\u00ednben. A gurtni bel\u00fclre a ny\u00edl\u00e1sz\u00e1r\u00f3n kereszt\u00fcl egy furaton, \u00e9s egy un. m\u0171anyag g\u00f6rg\u0151s kivezet\u0151n kereszt\u00fcl ker\u00fcl bevezet\u00e9sre. A&nbsp; red\u0151ny gurtni r\u00f6gz\u00edt\u00e9s\u00e9re k\u00e9zi meg\u00e1ll\u00edt\u00f3 b\u00e9k\u00e1val, vagy beh\u00faz\u00f3 automat\u00e1val lehets\u00e9ges. Nagy el\u0151nye a red\u0151nynek hogy megn\u00f6veli a ny\u00edl\u00e1sz\u00e1r\u00f3k h\u0151szigetel\u00e9s\u00e9t \u00e9s hangszigetel\u00e9s\u00e9t, valamint remek\u00fcl s\u00f6t\u00e9t\u00edt.<\/span><\/p>\n<p style=\"text-align: justify\"><span style=\"font-size: 16px\"><br \/><\/span><\/p>\n<p style=\"text-align: justify\"><span style=\"font-size: 16px\">K\u00fcl\u00f6nb\u00f6z\u0151 ig\u00e9nyek eset\u00e9n a m\u0171anyag red\u0151ny k\u00e9rhet\u0151 ak\u00e1r alum\u00ednium lefut\u00f3val, vagy alum\u00ednium z\u00e1r\u00f3l\u00e9ccel, illetve f\u00e9mtengellyel. Viszont a nagyobb m\u00e9ret\u0171 red\u0151ny\u00f6ket alapesetben is alum\u00ednium z\u00e1r\u00f3l\u00e9ccel \u00e9s f\u00e9mtengellyel szerelj\u00fck.<\/span><\/p>\n<p>[\/pl_text]<br \/>\n[\/pl_inner_col]<br \/>\n[pl_inner_col pagelayer-id=&#8221;pubZzSheBJHmvZ3H&#8221;  widget_space=&#8221;15&#8243; overlay_hover_delay=&#8221;400&#8243; col_width=&#8221;34.00&#8243;][pl_image pagelayer-id=&#8221;b7ngfZSN2j2RgB2K&#8221;  id=&#8221;164&#8243; id-size=&#8221;custom&#8221; align=&#8221;center&#8221; img_hover=&#8221;normal&#8221; img_hover_delay=&#8221;400&#8243; caption_color=&#8221;#0986c0&#8243; custom_size=&#8221;300&#215;400&#8243;]<\/p>\n<p>[\/pl_image]<br \/>\n[\/pl_inner_col]<br \/>\n[\/pl_inner_row]<br \/>\n[pl_inner_row pagelayer-id=&#8221;26L0cWwsWJgqQqTP&#8221;  stretch=&#8221;auto&#8221; col_gap=&#8221;10&#8243; width_content=&#8221;auto&#8221; row_height=&#8221;default&#8221; overlay_hover_delay=&#8221;400&#8243; row_shape_top_color=&#8221;#227bc3&#8243; row_shape_top_width=&#8221;100&#8243; row_shape_top_height=&#8221;100&#8243; row_shape_bottom_color=&#8221;#e44993&#8243; row_shape_bottom_width=&#8221;100&#8243; row_shape_bottom_height=&#8221;100&#8243;][pl_inner_col pagelayer-id=&#8221;Odb0ITqk1UTIX0cG&#8221;  widget_space=&#8221;15&#8243; overlay_hover_delay=&#8221;400&#8243; col_width=&#8221;34.09&#8243;][pl_image pagelayer-id=&#8221;enPVOjQJ8o6wpSq0&#8243;  id=&#8221;168&#8243; id-size=&#8221;full&#8221; align=&#8221;center&#8221; img_hover=&#8221;normal&#8221; img_hover_delay=&#8221;400&#8243; caption_color=&#8221;#0986c0&#8243;]<\/p>\n<p>[\/pl_image]<br \/>\n[\/pl_inner_col]<br \/>\n[pl_inner_col pagelayer-id=&#8221;wiS3ewJAHbsZteNC&#8221;  widget_space=&#8221;15&#8243; overlay_hover_delay=&#8221;400&#8243; col_width=&#8221;65.91&#8243;][pl_heading pagelayer-id=&#8221;fcCILla4V0NDNOhu&#8221;  heading_state=&#8221;normal&#8221;]<\/p>\n<h2>2. Alum\u00ednium red\u0151ny<\/h2>\n<p>[\/pl_heading]<br \/>\n[pl_text pagelayer-id=&#8221;i8ir5gceCc8Hl9W5&#8243; ]<\/p>\n<p><p style=\"text-align: justify\"><span style=\"font-family: Cabin, sans-serif;font-size: 16px;background-color: transparent\">Minden szempontb\u00f3l a legjobb v\u00e1laszt\u00e1s! Ennek a red\u0151ny fajt\u00e1nak minden r\u00e9sze alum\u00edniumb\u00f3l k\u00e9sz\u00fcl, ebb\u0151l ad\u00f3d\u00f3an nagyon tart\u00f3s, hibalehet\u0151s\u00e9gek teljesen kiz\u00e1rva. Ezen k\u00edv\u00fcl nagyon j\u00f3 h\u0151szigetel\u0151 tulajdons\u00e1gokkal b\u00edr, mivel a l\u00e9cek h\u0151szigetelt habbal vannak t\u00f6ltve.<\/span><\/p>\n<p><span style=\"font-family: Cabin, sans-serif;font-size: 16px;font-style: normal;font-weight: 400\">M\u0171k\u00f6d\u00e9s\u00e9t tekintve lehet k\u00e9zi mozgat\u00e1s\u00fa \u00e9s motoros mozgat\u00e1s\u00fa. Alap\u00e1ron feh\u00e9r \u00e9s barna sz\u00ednben \u00e9rhet\u0151ek el, fel\u00e1r eset\u00e9n egy\u00e9b sz\u00ednek is lehets\u00e9gesek. A l\u00e9cek elcs\u00fasz\u00e1s\u00e1t az alum\u00ednium red\u0151ny eset\u00e9n az alliterek akad\u00e1lyozz\u00e1k meg, \u00edgy m\u00e9g kevesebb a hibalehet\u0151s\u00e9g.<\/span><\/p>\n<p><span style=\"font-family: Cabin, sans-serif;font-size: 16px;font-style: normal;font-weight: 400\">Az alum\u00ednium red\u0151nyl\u00e9cek az ac\u00e9ltengelyhez T alak\u00fa f\u00e9mkapoccsal illeszkednek, ami \u00e1ltal m\u00e9g stabilabb a red\u0151ny. Az alum\u00ednium red\u0151ny lefut\u00f3ja minden esetben 22\u00d753 mm-es alum\u00ednium profil, sz\u00fanyogh\u00e1l\u00f3val kombin\u00e1lt t\u00edpusn\u00e1l pedig 40\u00d753 mm-es. El\u0151bbi zajcs\u00f6kkent\u0151 gumival, ut\u00f3bbi kefebet\u00e9ttel van ell\u00e1tva.<\/span><\/p>\n<p>[\/pl_text]<br \/>\n[\/pl_inner_col]<br \/>\n[\/pl_inner_row]<br \/>\n[pl_inner_row pagelayer-id=&#8221;w8Yg7GSDiKURYcIF&#8221;  stretch=&#8221;auto&#8221; col_gap=&#8221;10&#8243; width_content=&#8221;auto&#8221; row_height=&#8221;default&#8221; overlay_hover_delay=&#8221;400&#8243; row_shape_top_color=&#8221;#227bc3&#8243; row_shape_top_width=&#8221;100&#8243; row_shape_top_height=&#8221;100&#8243; row_shape_bottom_color=&#8221;#e44993&#8243; row_shape_bottom_width=&#8221;100&#8243; row_shape_bottom_height=&#8221;100&#8243;][pl_inner_col pagelayer-id=&#8221;PLKodRBjqEtqrtBN&#8221;  widget_space=&#8221;15&#8243; overlay_hover_delay=&#8221;400&#8243; col_width=&#8221;65.96&#8243;][pl_heading pagelayer-id=&#8221;B5E5kfmHZvvBYcgO&#8221;  heading_state=&#8221;normal&#8221;]<\/p>\n<h2>3. Vakolhat\u00f3 tokos red\u0151ny<\/h2>\n<p>[\/pl_heading]<br \/>\n[pl_text pagelayer-id=&#8221;UhRlcKg5mmxbgLrh&#8221; ]<\/p>\n<p style=\"text-align: justify\"><span style=\"font-family: Cabin, sans-serif;font-size: 16px;font-style: normal;font-weight: 400\">Ez egy olyan red\u0151nyt\u00edpus, amelynek a hely\u00e9t m\u00e1r az \u00e9p\u00edtkez\u00e9s sor\u00e1n ki kell alak\u00edtani. Remek v\u00e1laszt\u00e1s lehet, hiszen a vakol\u00e1s miatt k\u00edv\u00fclr\u0151l semmi nem l\u00e1tszik a red\u0151nytokb\u00f3l. A k\u00fcls\u0151 tokos red\u0151nnyel szemben a vakolhat\u00f3 tokos red\u0151ny el\u0151ny\u00e9re vall az is, hogy nem takar el semmit a ny\u00edl\u00e1sz\u00e1r\u00f3 fels\u0151 r\u00e9sz\u00e9b\u0151l. Ez az\u00e9rt j\u00f3 mert sokkal t\u00f6bb f\u00e9ny jut be a lak\u00e1sba. Fontos odafigyelni m\u00e1r a tervez\u00e9sn\u00e9l is a ny\u00edl\u00e1sz\u00e1r\u00f3 magass\u00e1g\u00e1ra, hiszen annak magass\u00e1g\u00e1t a vakolhat\u00f3 tokhoz kell terveztetni.<\/span><\/p>\n<p>[\/pl_text]<br \/>\n[\/pl_inner_col]<br \/>\n[pl_inner_col pagelayer-id=&#8221;qLoqmdhh44pGegCI&#8221;  widget_space=&#8221;15&#8243; overlay_hover_delay=&#8221;400&#8243; col_width=&#8221;34.04&#8243;][pl_image pagelayer-id=&#8221;6vadFfdK2p7wOAmm&#8221;  id=&#8221;169&#8243; id-size=&#8221;custom&#8221; align=&#8221;center&#8221; img_hover=&#8221;normal&#8221; img_hover_delay=&#8221;400&#8243; caption_color=&#8221;#0986c0&#8243; custom_size=&#8221;200&#215;270&#8243;]<\/p>\n<p>[\/pl_image]<br \/>\n[\/pl_inner_col]<br \/>\n[\/pl_inner_row]<br \/>\n[pl_inner_row pagelayer-id=&#8221;VdDXwyutDun3mKxw&#8221;  stretch=&#8221;auto&#8221; col_gap=&#8221;10&#8243; width_content=&#8221;auto&#8221; row_height=&#8221;default&#8221; overlay_hover_delay=&#8221;400&#8243; row_shape_top_color=&#8221;#227bc3&#8243; row_shape_top_width=&#8221;100&#8243; row_shape_top_height=&#8221;100&#8243; row_shape_bottom_color=&#8221;#e44993&#8243; row_shape_bottom_width=&#8221;100&#8243; row_shape_bottom_height=&#8221;100&#8243;][pl_inner_col pagelayer-id=&#8221;x1T5HyPXlGIRIS2U&#8221;  widget_space=&#8221;15&#8243; overlay_hover_delay=&#8221;400&#8243; col_width=&#8221;34.01&#8243;][pl_image pagelayer-id=&#8221;ElOe22mFDLXpkSEB&#8221;  id=&#8221;171&#8243; id-size=&#8221;custom&#8221; align=&#8221;center&#8221; img_hover=&#8221;normal&#8221; img_hover_delay=&#8221;400&#8243; caption_color=&#8221;#0986c0&#8243; custom_size=&#8221;200&#215;300&#8243;]<\/p>\n<p>[\/pl_image]<br \/>\n[\/pl_inner_col]<br \/>\n[pl_inner_col pagelayer-id=&#8221;9c7SzLy6SsEk3cpx&#8221;  widget_space=&#8221;15&#8243; overlay_hover_delay=&#8221;400&#8243; col_width=&#8221;65.99&#8243;][pl_heading pagelayer-id=&#8221;zy6A7Mcvuw3kSxKy&#8221;  heading_state=&#8221;normal&#8221;]<\/p>\n<h2>4. Sz\u00fanyogh\u00e1l\u00f3val kombin\u00e1lt red\u0151ny<\/h2>\n<p>[\/pl_heading]<br \/>\n[pl_text pagelayer-id=&#8221;xmlGc01IdcAvzLAf&#8221; ]<\/p>\n<p style=\"text-align: justify\"><span style=\"font-family: Cabin, sans-serif;font-size: 16px;font-style: normal;font-weight: 400\">Ez egy nagyon j\u00f3 min\u0151s\u00e9g\u0171 anyagokb\u00f3l k\u00e9sz\u00edtett term\u00e9k, amely amellett hogy eszt\u00e9tikus l\u00e1tv\u00e1nyt ny\u00fajt, nagyon hasznos, hiszen egy red\u0151nydobozban (min. 16,5 cm-es) van \u00e9p\u00edtve a red\u0151ny \u00e9s a f\u00f6l-le h\u00fazhat\u00f3 sz\u00fanyogh\u00e1l\u00f3 is. A red\u0151ny \u00e9s a sz\u00fanyogh\u00e1l\u00f3 k\u00fcl\u00f6n lefut\u00f3s\u00ednben, teh\u00e1t dupla lefut\u00f3s\u00ednben mozgathat\u00f3 k\u00fcl\u00f6n-k\u00fcl\u00f6n. A red\u0151nyt term\u00e9szetesen gurtni seg\u00edts\u00e9g\u00e9vel, a sz\u00fanyogh\u00e1l\u00f3t pedig egy foganty\u00fa seg\u00edts\u00e9g\u00e9vel mozgatjuk a kef\u00e9s lefut\u00f3s\u00ednben. A kef\u00e9s lefut\u00f3 s\u00ednnek k\u00f6sz\u00f6nhet\u0151en a rovarok a sz\u00fanyogh\u00e1l\u00f3 semelyik r\u00e9sz\u00e9n nem tudnak bejutni a lak\u00e1sba. Az osztott ny\u00edl\u00e1sz\u00e1r\u00f3k eset\u00e9n is t\u00f6k\u00e9letesen m\u0171k\u00f6dtethet\u0151. A sz\u00fanyogh\u00e1l\u00f3 anyaga \u00fcvegsz\u00e1las, amely felh\u00fazott \u00e1llapotban \u00e9s m\u0171k\u00f6dtet\u00e9s k\u00f6zben is feszes marad.<\/span><\/p>\n<p style=\"text-align: justify\"><span style=\"font-family: Cabin, sans-serif;font-size: 16px;font-style: normal;font-weight: 400\">Egyetlen h\u00e1tr\u00e1nya, hogy ugyan nagy m\u00e9rt\u00e9kben cs\u00f6kkenti a rovarok bejut\u00e1s\u00e1nak lehet\u0151s\u00e9g\u00e9t m\u00e9g sem ny\u00fajt 100%-os v\u00e9delmet ellen\u00fck!<\/span><\/p>\n<p>[\/pl_text]<br \/>\n[\/pl_inner_col]<br \/>\n[\/pl_inner_row]<br \/>\n[\/pl_col]<br \/>\n[\/pl_row]<br \/>\n[pl_row pagelayer-id=&#8221;MmUkm9PPxwyqd5YU&#8221;  stretch=&#8221;auto&#8221; col_gap=&#8221;10&#8243; width_content=&#8221;auto&#8221; row_height=&#8221;default&#8221; overlay_hover_delay=&#8221;400&#8243; row_shape_top_color=&#8221;#227bc3&#8243; row_shape_top_width=&#8221;100&#8243; row_shape_top_height=&#8221;100&#8243; row_shape_bottom_color=&#8221;#e44993&#8243; row_shape_bottom_width=&#8221;100&#8243; row_shape_bottom_height=&#8221;100&#8243;][pl_col pagelayer-id=&#8221;VT2WyT05ZQJtSiwt&#8221;  widget_space=&#8221;15&#8243; overlay_hover_delay=&#8221;400&#8243;][\/pl_col]<br \/>\n[\/pl_row]<\/p>\n","protected":false},"excerpt":{"rendered":"<p>[pl_row pagelayer-id=&#8221;5Gomdyksx9d9LZc3&#8243; stretch=&#8221;auto&#8221; col_gap=&#8221;10&#8243; width_content=&#8221;auto&#8221; row_height=&#8221;default&#8221; overlay_hover_delay=&#8221;400&#8243; row_shape_top_color=&#8221;#227bc3&#8243; row_shape_top_width=&#8221;100&#8243; row_shape_top_height=&#8221;100&#8243; row_shape_bottom_color=&#8221;#e44993&#8243; row_shape_bottom_width=&#8221;100&#8243; row_shape_bottom_height=&#8221;100&#8243;][pl_col pagelayer-id=&#8221;04PXtp35OLE79yed&#8221; widget_space=&#8221;15&#8243; overlay_hover_delay=&#8221;400&#8243;][pl_image pagelayer-id=&#8221;yT10aFWClB8XIy47&#8243; id=&#8221;205&#8243; id-size=&#8221;custom&#8221; align=&#8221;center&#8221; img_hover=&#8221;normal&#8221; img_hover_delay=&#8221;400&#8243; caption_color=&#8221;#0986c0&#8243; custom_size=&#8221;x250&#8243;] [\/pl_image] [\/pl_col] [\/pl_row] [pl_row pagelayer-id=&#8221;eEewuk5rL5jV0ONT&#8221; stretch=&#8221;auto&#8221; col_gap=&#8221;10&#8243; width_content=&#8221;auto&#8221; row_height=&#8221;default&#8221; overlay_hover_delay=&#8221;400&#8243; row_shape_top_color=&#8221;#227bc3&#8243; row_shape_top_width=&#8221;100&#8243; row_shape_top_height=&#8221;100&#8243; row_shape_bottom_color=&#8221;#e44993&#8243; row_shape_bottom_width=&#8221;100&#8243; row_shape_bottom_height=&#8221;100&#8243;][pl_col pagelayer-id=&#8221;RUJwqWwPUcYN6bHh&#8221; widget_space=&#8221;15&#8243; overlay_hover_delay=&#8221;400&#8243;][pl_inner_row pagelayer-id=&#8221;kxDweprTB8LgxIMV&#8221; stretch=&#8221;auto&#8221; col_gap=&#8221;10&#8243; width_content=&#8221;auto&#8221; row_height=&#8221;default&#8221; overlay_hover_delay=&#8221;400&#8243; row_shape_top_color=&#8221;#227bc3&#8243; row_shape_top_width=&#8221;100&#8243; row_shape_top_height=&#8221;100&#8243; row_shape_bottom_color=&#8221;#e44993&#8243; row_shape_bottom_width=&#8221;100&#8243; row_shape_bottom_height=&#8221;100&#8243;][pl_inner_col [&hellip;]<\/p>\n","protected":false},"author":1,"featured_media":0,"parent":0,"menu_order":0,"comment_status":"closed","ping_status":"closed","template":"","meta":[],"yoast_head":"<!-- This site is optimized with the Yoast SEO plugin v18.1 - https:\/\/yoast.com\/wordpress\/plugins\/seo\/ -->\n<title>Red\u0151ny Tatared\u0151ny<\/title>\n<meta name=\"description\" content=\"Red\u0151ny, sz\u00fanyogh\u00e1l\u00f3 \u00e9s egy\u00e9b \u00e1rny\u00e9kol\u00e1stechnikai term\u00e9kek telep\u00edt\u00e9se \u00e9s jav\u00edt\u00e1sa. Minden term\u00e9k egyedi m\u00e9retre van gy\u00e1rtva. Tatab\u00e1nya 30km-es k\u00f6rzet\u00e9ben.\" \/>\n<meta name=\"robots\" content=\"noindex, follow\" \/>\n<meta property=\"og:locale\" content=\"hu_HU\" \/>\n<meta property=\"og:type\" content=\"article\" \/>\n<meta property=\"og:title\" content=\"Red\u0151ny Tatared\u0151ny\" \/>\n<meta property=\"og:description\" content=\"Red\u0151ny, sz\u00fanyogh\u00e1l\u00f3 \u00e9s egy\u00e9b \u00e1rny\u00e9kol\u00e1stechnikai term\u00e9kek telep\u00edt\u00e9se \u00e9s jav\u00edt\u00e1sa. Minden term\u00e9k egyedi m\u00e9retre van gy\u00e1rtva. Tatab\u00e1nya 30km-es k\u00f6rzet\u00e9ben.\" \/>\n<meta property=\"og:url\" content=\"https:\/\/tataredony.hu\/?page_id=54\" \/>\n<meta property=\"og:site_name\" content=\"Tatared\u0151ny\" \/>\n<meta property=\"article:modified_time\" content=\"2020-10-28T10:02:34+00:00\" \/>\n<meta name=\"twitter:card\" content=\"summary_large_image\" \/>\n<meta name=\"twitter:label1\" content=\"Becs\u00fclt olvas\u00e1si id\u0151\" \/>\n\t<meta name=\"twitter:data1\" content=\"7 perc\" \/>\n<script type=\"application\/ld+json\" class=\"yoast-schema-graph\">{\"@context\":\"https:\/\/schema.org\",\"@graph\":[{\"@type\":[\"Person\",\"Organization\"],\"@id\":\"https:\/\/tataredony.hu\/#\/schema\/person\/2894f047c69ebc449692bbbeb9fe7db1\",\"name\":\"Kuska \u00c1d\u00e1m\",\"image\":{\"@type\":\"ImageObject\",\"@id\":\"https:\/\/tataredony.hu\/#personlogo\",\"inLanguage\":\"hu\",\"url\":\"https:\/\/secure.gravatar.com\/avatar\/ac0bbbb310a3b865331af0516a4b7b27?s=96&d=mm&r=g\",\"contentUrl\":\"https:\/\/secure.gravatar.com\/avatar\/ac0bbbb310a3b865331af0516a4b7b27?s=96&d=mm&r=g\",\"caption\":\"Kuska \u00c1d\u00e1m\"},\"logo\":{\"@id\":\"https:\/\/tataredony.hu\/#personlogo\"},\"sameAs\":[\"http:\/\/tataredony.hu\"]},{\"@type\":\"WebSite\",\"@id\":\"https:\/\/tataredony.hu\/#website\",\"url\":\"https:\/\/tataredony.hu\/\",\"name\":\"Tatared\u0151ny\",\"description\":\"Red\u0151ny, sz\u00fanyogh\u00e1l\u00f3 telep\u00edt\u00e9se, jav\u00edt\u00e1sa\",\"publisher\":{\"@id\":\"https:\/\/tataredony.hu\/#\/schema\/person\/2894f047c69ebc449692bbbeb9fe7db1\"},\"potentialAction\":[{\"@type\":\"SearchAction\",\"target\":{\"@type\":\"EntryPoint\",\"urlTemplate\":\"https:\/\/tataredony.hu\/?s={search_term_string}\"},\"query-input\":\"required name=search_term_string\"}],\"inLanguage\":\"hu\"},{\"@type\":\"WebPage\",\"@id\":\"https:\/\/tataredony.hu\/?page_id=54#webpage\",\"url\":\"https:\/\/tataredony.hu\/?page_id=54\",\"name\":\"Red\u0151ny Tatared\u0151ny\",\"isPartOf\":{\"@id\":\"https:\/\/tataredony.hu\/#website\"},\"datePublished\":\"2020-09-10T08:57:38+00:00\",\"dateModified\":\"2020-10-28T10:02:34+00:00\",\"description\":\"Red\u0151ny, sz\u00fanyogh\u00e1l\u00f3 \u00e9s egy\u00e9b \u00e1rny\u00e9kol\u00e1stechnikai term\u00e9kek telep\u00edt\u00e9se \u00e9s jav\u00edt\u00e1sa. Minden term\u00e9k egyedi m\u00e9retre van gy\u00e1rtva. Tatab\u00e1nya 30km-es k\u00f6rzet\u00e9ben.\",\"breadcrumb\":{\"@id\":\"https:\/\/tataredony.hu\/?page_id=54#breadcrumb\"},\"inLanguage\":\"hu\",\"potentialAction\":[{\"@type\":\"ReadAction\",\"target\":[\"https:\/\/tataredony.hu\/?page_id=54\"]}]},{\"@type\":\"BreadcrumbList\",\"@id\":\"https:\/\/tataredony.hu\/?page_id=54#breadcrumb\",\"itemListElement\":[{\"@type\":\"ListItem\",\"position\":1,\"name\":\"Kezd\u0151lap\",\"item\":\"https:\/\/tataredony.hu\/\"},{\"@type\":\"ListItem\",\"position\":2,\"name\":\"Red\u0151ny\"}]}]}<\/script>\n<!-- \/ Yoast SEO plugin. -->","yoast_head_json":{"title":"Red\u0151ny Tatared\u0151ny","description":"Red\u0151ny, sz\u00fanyogh\u00e1l\u00f3 \u00e9s egy\u00e9b \u00e1rny\u00e9kol\u00e1stechnikai term\u00e9kek telep\u00edt\u00e9se \u00e9s jav\u00edt\u00e1sa. Minden term\u00e9k egyedi m\u00e9retre van gy\u00e1rtva. Tatab\u00e1nya 30km-es k\u00f6rzet\u00e9ben.","robots":{"index":"noindex","follow":"follow"},"og_locale":"hu_HU","og_type":"article","og_title":"Red\u0151ny Tatared\u0151ny","og_description":"Red\u0151ny, sz\u00fanyogh\u00e1l\u00f3 \u00e9s egy\u00e9b \u00e1rny\u00e9kol\u00e1stechnikai term\u00e9kek telep\u00edt\u00e9se \u00e9s jav\u00edt\u00e1sa. Minden term\u00e9k egyedi m\u00e9retre van gy\u00e1rtva. Tatab\u00e1nya 30km-es k\u00f6rzet\u00e9ben.","og_url":"https:\/\/tataredony.hu\/?page_id=54","og_site_name":"Tatared\u0151ny","article_modified_time":"2020-10-28T10:02:34+00:00","twitter_card":"summary_large_image","twitter_misc":{"Becs\u00fclt olvas\u00e1si id\u0151":"7 perc"},"schema":{"@context":"https:\/\/schema.org","@graph":[{"@type":["Person","Organization"],"@id":"https:\/\/tataredony.hu\/#\/schema\/person\/2894f047c69ebc449692bbbeb9fe7db1","name":"Kuska \u00c1d\u00e1m","image":{"@type":"ImageObject","@id":"https:\/\/tataredony.hu\/#personlogo","inLanguage":"hu","url":"https:\/\/secure.gravatar.com\/avatar\/ac0bbbb310a3b865331af0516a4b7b27?s=96&d=mm&r=g","contentUrl":"https:\/\/secure.gravatar.com\/avatar\/ac0bbbb310a3b865331af0516a4b7b27?s=96&d=mm&r=g","caption":"Kuska \u00c1d\u00e1m"},"logo":{"@id":"https:\/\/tataredony.hu\/#personlogo"},"sameAs":["http:\/\/tataredony.hu"]},{"@type":"WebSite","@id":"https:\/\/tataredony.hu\/#website","url":"https:\/\/tataredony.hu\/","name":"Tatared\u0151ny","description":"Red\u0151ny, sz\u00fanyogh\u00e1l\u00f3 telep\u00edt\u00e9se, jav\u00edt\u00e1sa","publisher":{"@id":"https:\/\/tataredony.hu\/#\/schema\/person\/2894f047c69ebc449692bbbeb9fe7db1"},"potentialAction":[{"@type":"SearchAction","target":{"@type":"EntryPoint","urlTemplate":"https:\/\/tataredony.hu\/?s={search_term_string}"},"query-input":"required name=search_term_string"}],"inLanguage":"hu"},{"@type":"WebPage","@id":"https:\/\/tataredony.hu\/?page_id=54#webpage","url":"https:\/\/tataredony.hu\/?page_id=54","name":"Red\u0151ny Tatared\u0151ny","isPartOf":{"@id":"https:\/\/tataredony.hu\/#website"},"datePublished":"2020-09-10T08:57:38+00:00","dateModified":"2020-10-28T10:02:34+00:00","description":"Red\u0151ny, sz\u00fanyogh\u00e1l\u00f3 \u00e9s egy\u00e9b \u00e1rny\u00e9kol\u00e1stechnikai term\u00e9kek telep\u00edt\u00e9se \u00e9s jav\u00edt\u00e1sa. Minden term\u00e9k egyedi m\u00e9retre van gy\u00e1rtva. Tatab\u00e1nya 30km-es k\u00f6rzet\u00e9ben.","breadcrumb":{"@id":"https:\/\/tataredony.hu\/?page_id=54#breadcrumb"},"inLanguage":"hu","potentialAction":[{"@type":"ReadAction","target":["https:\/\/tataredony.hu\/?page_id=54"]}]},{"@type":"BreadcrumbList","@id":"https:\/\/tataredony.hu\/?page_id=54#breadcrumb","itemListElement":[{"@type":"ListItem","position":1,"name":"Kezd\u0151lap","item":"https:\/\/tataredony.hu\/"},{"@type":"ListItem","position":2,"name":"Red\u0151ny"}]}]}},"_links":{"self":[{"href":"https:\/\/tataredony.hu\/index.php?rest_route=\/wp\/v2\/pages\/54"}],"collection":[{"href":"https:\/\/tataredony.hu\/index.php?rest_route=\/wp\/v2\/pages"}],"about":[{"href":"https:\/\/tataredony.hu\/index.php?rest_route=\/wp\/v2\/types\/page"}],"author":[{"embeddable":true,"href":"https:\/\/tataredony.hu\/index.php?rest_route=\/wp\/v2\/users\/1"}],"replies":[{"embeddable":true,"href":"https:\/\/tataredony.hu\/index.php?rest_route=%2Fwp%2Fv2%2Fcomments&post=54"}],"version-history":[{"count":12,"href":"https:\/\/tataredony.hu\/index.php?rest_route=\/wp\/v2\/pages\/54\/revisions"}],"predecessor-version":[{"id":328,"href":"https:\/\/tataredony.hu\/index.php?rest_route=\/wp\/v2\/pages\/54\/revisions\/328"}],"wp:attachment":[{"href":"https:\/\/tataredony.hu\/index.php?rest_route=%2Fwp%2Fv2%2Fmedia&parent=54"}],"curies":[{"name":"wp","href":"https:\/\/api.w.org\/{rel}","templated":true}]}}