{"id":56,"date":"2020-09-10T08:57:38","date_gmt":"2020-09-10T08:57:38","guid":{"rendered":"http:\/\/tataredony.hu\/?page_id=56"},"modified":"2020-10-16T14:30:40","modified_gmt":"2020-10-16T13:30:40","slug":"aluminium-reluxa","status":"publish","type":"page","link":"https:\/\/tataredony.hu\/?page_id=56","title":{"rendered":"Alum\u00ednium reluxa"},"content":{"rendered":"<p>[pl_row pagelayer-id=&#8221;OUSMbSwFlWg6B7G3&#8243;  stretch=&#8221;auto&#8221; col_gap=&#8221;10&#8243; width_content=&#8221;auto&#8221; row_height=&#8221;default&#8221; overlay_hover_delay=&#8221;400&#8243; row_shape_top_color=&#8221;#227bc3&#8243; row_shape_top_width=&#8221;100&#8243; row_shape_top_height=&#8221;100&#8243; row_shape_bottom_color=&#8221;#e44993&#8243; row_shape_bottom_width=&#8221;100&#8243; row_shape_bottom_height=&#8221;100&#8243;]<br \/>\n[pl_col pagelayer-id=&#8221;uqcDec5TdIhiVnhF&#8221;  widget_space=&#8221;15&#8243; overlay_hover_delay=&#8221;400&#8243;]<br \/>\n[pl_image pagelayer-id=&#8221;BK3f0UMQjPlrj7CA&#8221;  id=&#8221;205&#8243; id-size=&#8221;full&#8221; align=&#8221;center&#8221; img_hover=&#8221;normal&#8221; img_hover_delay=&#8221;400&#8243; caption_color=&#8221;#0986c0&#8243;]<\/p>\n<p>[\/pl_image]<br \/>\n[\/pl_col]<br \/>\n[\/pl_row]<br \/>\n[pl_row pagelayer-id=&#8221;8AN7SRIqiTwfea4W&#8221;  stretch=&#8221;auto&#8221; col_gap=&#8221;10&#8243; width_content=&#8221;auto&#8221; row_height=&#8221;default&#8221; overlay_hover_delay=&#8221;400&#8243; row_shape_top_color=&#8221;#227bc3&#8243; row_shape_top_width=&#8221;100&#8243; row_shape_top_height=&#8221;100&#8243; row_shape_bottom_color=&#8221;#e44993&#8243; row_shape_bottom_width=&#8221;100&#8243; row_shape_bottom_height=&#8221;100&#8243;]<br \/>\n[pl_col pagelayer-id=&#8221;G3fMe1FVijr2P0Av&#8221;  widget_space=&#8221;15&#8243; overlay_hover_delay=&#8221;400&#8243;]<br \/>\n[pl_heading pagelayer-id=&#8221;sp4DUkXOIloyUgSw&#8221;  heading_state=&#8221;normal&#8221;]<\/p>\n<h2>Alum\u00ednium reluxa<\/h2>\n<p>[\/pl_heading]<br \/>\n[pl_inner_row pagelayer-id=&#8221;Pzkx0GUT9D45o7Ek&#8221;  stretch=&#8221;auto&#8221; col_gap=&#8221;10&#8243; width_content=&#8221;auto&#8221; row_height=&#8221;default&#8221; overlay_hover_delay=&#8221;400&#8243; row_shape_top_color=&#8221;#227bc3&#8243; row_shape_top_width=&#8221;100&#8243; row_shape_top_height=&#8221;100&#8243; row_shape_bottom_color=&#8221;#e44993&#8243; row_shape_bottom_width=&#8221;100&#8243; row_shape_bottom_height=&#8221;100&#8243;]<br \/>\n[pl_inner_col pagelayer-id=&#8221;tn9TzWusT9ZexZzh&#8221;  widget_space=&#8221;15&#8243; overlay_hover_delay=&#8221;400&#8243; col_width=&#8221;65.91&#8243;]<br \/>\n[pl_text pagelayer-id=&#8221;uTNU1LhT02ff4jIn&#8221; ]<\/p>\n<p style=\"text-align: justify\">A reluxa kedvelt h\u00e1ztart\u00e1si \u00e9s irodai felhaszn\u00e1l\u00e1s\u00fa \u00e1rny\u00e9kol\u00f3, mely a 85-98%-os s\u00f6t\u00e9t\u00edt\u00e9s mellett fokozat n\u00e9lk\u00fcli k\u00e9pes k\u00f6zvetlen vagy sz\u00f3rt f\u00e9ny beenged\u00e9s\u00e9re. A relux\u00e1k k\u00f6z\u00fcl a 25mm-es alum\u00ednium t\u00edpusok a legismertebbek a piacon. N\u00e9pszer\u0171s\u00e9g\u00e9t annak k\u00f6sz\u00f6nheti, hogy felszerel\u00e9se egyszer\u0171, \u00e1rny\u00e9kol \u00e9s nem utols\u00f3 sorban t\u00e1vol tartja a k\u00edv\u00e1ncsi tekinteteket. Hatalmas lamella \u00e9s sz\u00e9les szerel\u00e9k (l\u00e9tra, zsin\u00f3r, karnis) sz\u00ednv\u00e1laszt\u00e9k \u00e1ll rendelkez\u00e9sre.<\/p>\n<p style=\"text-align: justify\"><strong style=\"background-color: transparent;font-size: 12px\">\u00a0<\/strong><\/p>\n<p style=\"text-align: justify\"><strong style=\"background-color: transparent;font-size: 16px\">Reluxa, mint h\u0151szigetel\u0151<\/strong><\/p>\n<p style=\"text-align: justify\"><span style=\"background-color: transparent;font-size: 16px\">A reluxa, hasonl\u00f3an a t\u00f6bbi \u00e1rny\u00e9kol\u00f3hoz, h\u0151szigetel\u0151 tulajdons\u00e1gokkal rendelkezik. Az ablakt\u00f3l n\u00e9h\u00e1ny centim\u00e9terre helyezkedik el, ez\u00e9rt ny\u00e1ron kint tartja a meleget, t\u00e9len a hideget. N\u00e9pszer\u0171s\u00e9g\u00e9t annak k\u00f6sz\u00f6nheti, hogy eszt\u00e9tikus megold\u00e1st ny\u00fajt el\u00e9rhet\u0151 \u00e1ron, \u00e9s felszerel\u00e9se rendk\u00edv\u00fcl egyszer\u0171. Tiszt\u00e1ntart\u00e1s\u00e1t k\u00f6nnyed\u00e9n v\u00e9gezhetj\u00fck, leszerel\u00e9s n\u00e9lk\u00fcl tiszt\u00edthatjuk.\u00a0<\/span><\/p>\n<p><strong style=\"font-size: 16px\">\u00a0<\/strong><\/p>\n<p><strong style=\"font-size: 16px\">Egyedi m\u00e9ret\u0171 reluxa<\/strong><\/p>\n<p style=\"text-align: justify\"><span style=\"font-size: 16px\">A reluxa szerkezet sz\u00edn\u00e9t igaz\u00edthatja a ny\u00edl\u00e1sz\u00e1r\u00f3 sz\u00edn\u00e9hez, a lamella sz\u00edneit sz\u00e9les sz\u00ednv\u00e1laszt\u00e9kb\u00f3l v\u00e1laszthatja ki, \u00edgy remek\u00fcl illesztheti otthon\u00e1nak hangulat\u00e1hoz. A tet\u0151t\u00e9ri vagy a buk\u00f3-ny\u00edl\u00f3 ablakokhoz k\u00e9sz\u00fclhetnek a relux\u00e1k fesz\u00edt\u0151huzalos megvezet\u00e9ssel is, \u00edgy az \u00e1rny\u00e9kol\u00f3 az ablak b\u00e1rmelyik poz\u00edci\u00f3j\u00e1ban az \u00fcveg s\u00edkj\u00e1val egyvonalban marad. Amennyiben egyedi form\u00e1j\u00fa relux\u00e1t szeretne, megval\u00f3s\u00edtjuk elk\u00e9pzel\u00e9s\u00e9t!\u00a0<\/span><span style=\"font-size: 16px\">A relux\u00e1kat m\u0171k\u00f6dtethetj\u00fck gy\u00f6ngyl\u00e1nccal, vagy el\u00e9rhet\u0151 az \u00fcvegp\u00e1lc\u00e1s kialak\u00edt\u00e1sa is. Amennyiben ezzel kapcsolatos k\u00e9rd\u00e9se van, keressen bizalomma!<\/span><\/p>\n<p>[\/pl_text]<br \/>\n[\/pl_inner_col]<br \/>\n[pl_inner_col pagelayer-id=&#8221;kmp4CJBPMCl0JBme&#8221;  widget_space=&#8221;15&#8243; overlay_hover_delay=&#8221;400&#8243; col_width=&#8221;34.09&#8243;]<br \/>\n[pl_image pagelayer-id=&#8221;DczFblKqX5FjWd35&#8243;  id=&#8221;156&#8243; id-size=&#8221;full&#8221; align=&#8221;center&#8221; img_hover=&#8221;normal&#8221; img_hover_delay=&#8221;400&#8243; caption_color=&#8221;#0986c0&#8243;]<\/p>\n<p>[\/pl_image]<br \/>\n[\/pl_inner_col]<br \/>\n[\/pl_inner_row]<br \/>\n[\/pl_col]<br \/>\n[\/pl_row]<br \/>\n[pl_row pagelayer-id=&#8221;JOFjixOXDVbIhxL4&#8243;  stretch=&#8221;auto&#8221; col_gap=&#8221;10&#8243; width_content=&#8221;auto&#8221; row_height=&#8221;default&#8221; overlay_hover_delay=&#8221;400&#8243; row_shape_top_color=&#8221;#227bc3&#8243; row_shape_top_width=&#8221;100&#8243; row_shape_top_height=&#8221;100&#8243; row_shape_bottom_color=&#8221;#e44993&#8243; row_shape_bottom_width=&#8221;100&#8243; row_shape_bottom_height=&#8221;100&#8243;]<br \/>\n[pl_col pagelayer-id=&#8221;q7sDCdRBihhuIPBc&#8221;  widget_space=&#8221;15&#8243; overlay_hover_delay=&#8221;400&#8243; col=&#8221;6&#8243;]<br \/>\n[pl_heading pagelayer-id=&#8221;mIwo4173Z4DHeJPQ&#8221;  heading_state=&#8221;normal&#8221; ele_bg_type=&#8221;color&#8221; ele_bg_gradient=&#8221;150,#44d3f6,23,#72e584,45,#2ca4eb,100&#8243; ele_bg_color=&#8221;#32f422ff&#8221;]<\/p>\n<h2>Fontos inform\u00e1ci\u00f3!<\/h2>\n<p>[\/pl_heading]<br \/>\n[pl_text pagelayer-id=&#8221;RsaT7Nd3PpyIyrjz&#8221; ]<br \/>\nMaxim\u00e1lis sz\u00e9less\u00e9g: 200cm<\/p>\n<div>Maxim\u00e1lis ter\u00fclet: 4&nbsp;m\u00b2&nbsp;<br \/>M\u0171k\u00f6dtet\u00e9s: \u00dcvegp\u00e1lc\u00e1s, Gy\u00f6ngyl\u00e1ncos<br \/>Kivitel:&nbsp;<\/div>\n<ol>\n<li>Classic Ablak k\u00f6zti reluxa, \u00fcvegp\u00e1lc\u00e1s<\/li>\n<li>Standard (p\u00e1lc\u00e1s kezel\u00e9ssel)<\/li>\n<li>Standard (gy\u00f6ngyl\u00e1ncos kezel\u00e9s)<\/li>\n<\/ol>\n<p>[\/pl_text]<br \/>\n[\/pl_col]<br \/>\n[pl_col pagelayer-id=&#8221;mUrJUuviGZJhjB75&#8243;  widget_space=&#8221;15&#8243; overlay_hover_delay=&#8221;400&#8243; col=&#8221;6&#8243;]<br \/>\n[pl_image pagelayer-id=&#8221;r3KEiJC3809R7pKF&#8221;  id=&#8221;199&#8243; id-size=&#8221;custom&#8221; align=&#8221;center&#8221; img_hover=&#8221;normal&#8221; img_hover_delay=&#8221;400&#8243; caption_color=&#8221;#0986c0&#8243; custom_size=&#8221;200x&#8221;]<\/p>\n<p>[\/pl_image]<br \/>\n[\/pl_col]<br \/>\n[\/pl_row]<\/p>\n","protected":false},"excerpt":{"rendered":"<p>[pl_row pagelayer-id=&#8221;OUSMbSwFlWg6B7G3&#8243; stretch=&#8221;auto&#8221; col_gap=&#8221;10&#8243; width_content=&#8221;auto&#8221; row_height=&#8221;default&#8221; overlay_hover_delay=&#8221;400&#8243; row_shape_top_color=&#8221;#227bc3&#8243; row_shape_top_width=&#8221;100&#8243; row_shape_top_height=&#8221;100&#8243; row_shape_bottom_color=&#8221;#e44993&#8243; row_shape_bottom_width=&#8221;100&#8243; row_shape_bottom_height=&#8221;100&#8243;] [pl_col pagelayer-id=&#8221;uqcDec5TdIhiVnhF&#8221; widget_space=&#8221;15&#8243; overlay_hover_delay=&#8221;400&#8243;] [pl_image pagelayer-id=&#8221;BK3f0UMQjPlrj7CA&#8221; id=&#8221;205&#8243; id-size=&#8221;full&#8221; align=&#8221;center&#8221; img_hover=&#8221;normal&#8221; img_hover_delay=&#8221;400&#8243; caption_color=&#8221;#0986c0&#8243;] [\/pl_image] [\/pl_col] [\/pl_row] [pl_row pagelayer-id=&#8221;8AN7SRIqiTwfea4W&#8221; stretch=&#8221;auto&#8221; col_gap=&#8221;10&#8243; width_content=&#8221;auto&#8221; row_height=&#8221;default&#8221; overlay_hover_delay=&#8221;400&#8243; row_shape_top_color=&#8221;#227bc3&#8243; row_shape_top_width=&#8221;100&#8243; row_shape_top_height=&#8221;100&#8243; row_shape_bottom_color=&#8221;#e44993&#8243; row_shape_bottom_width=&#8221;100&#8243; row_shape_bottom_height=&#8221;100&#8243;] [pl_col pagelayer-id=&#8221;G3fMe1FVijr2P0Av&#8221; widget_space=&#8221;15&#8243; overlay_hover_delay=&#8221;400&#8243;] [pl_heading pagelayer-id=&#8221;sp4DUkXOIloyUgSw&#8221; heading_state=&#8221;normal&#8221;] Alum\u00ednium reluxa [\/pl_heading] [pl_inner_row pagelayer-id=&#8221;Pzkx0GUT9D45o7Ek&#8221; stretch=&#8221;auto&#8221; col_gap=&#8221;10&#8243; [&hellip;]<\/p>\n","protected":false},"author":1,"featured_media":0,"parent":0,"menu_order":0,"comment_status":"closed","ping_status":"closed","template":"","meta":[],"yoast_head":"<!-- This site is optimized with the Yoast SEO plugin v18.1 - https:\/\/yoast.com\/wordpress\/plugins\/seo\/ -->\n<title>Alum\u00ednium reluxa Tatared\u0151ny<\/title>\n<meta name=\"description\" content=\"Red\u0151ny, sz\u00fanyogh\u00e1l\u00f3 \u00e9s egy\u00e9b \u00e1rny\u00e9kol\u00e1stechnikai term\u00e9kek telep\u00edt\u00e9se \u00e9s jav\u00edt\u00e1sa. Minden term\u00e9k egyedi m\u00e9retre van gy\u00e1rtva. Tatab\u00e1nya 30km-es k\u00f6rzet\u00e9ben.\" \/>\n<meta name=\"robots\" content=\"noindex, follow\" \/>\n<meta property=\"og:locale\" content=\"hu_HU\" \/>\n<meta property=\"og:type\" content=\"article\" \/>\n<meta property=\"og:title\" content=\"Alum\u00ednium reluxa Tatared\u0151ny\" \/>\n<meta property=\"og:description\" content=\"Red\u0151ny, sz\u00fanyogh\u00e1l\u00f3 \u00e9s egy\u00e9b \u00e1rny\u00e9kol\u00e1stechnikai term\u00e9kek telep\u00edt\u00e9se \u00e9s jav\u00edt\u00e1sa. Minden term\u00e9k egyedi m\u00e9retre van gy\u00e1rtva. Tatab\u00e1nya 30km-es k\u00f6rzet\u00e9ben.\" \/>\n<meta property=\"og:url\" content=\"https:\/\/tataredony.hu\/?page_id=56\" \/>\n<meta property=\"og:site_name\" content=\"Tatared\u0151ny\" \/>\n<meta property=\"article:modified_time\" content=\"2020-10-16T13:30:40+00:00\" \/>\n<meta name=\"twitter:card\" content=\"summary_large_image\" \/>\n<meta name=\"twitter:label1\" content=\"Becs\u00fclt olvas\u00e1si id\u0151\" \/>\n\t<meta name=\"twitter:data1\" content=\"4 perc\" \/>\n<script type=\"application\/ld+json\" class=\"yoast-schema-graph\">{\"@context\":\"https:\/\/schema.org\",\"@graph\":[{\"@type\":[\"Person\",\"Organization\"],\"@id\":\"https:\/\/tataredony.hu\/#\/schema\/person\/2894f047c69ebc449692bbbeb9fe7db1\",\"name\":\"Kuska \u00c1d\u00e1m\",\"image\":{\"@type\":\"ImageObject\",\"@id\":\"https:\/\/tataredony.hu\/#personlogo\",\"inLanguage\":\"hu\",\"url\":\"https:\/\/secure.gravatar.com\/avatar\/ac0bbbb310a3b865331af0516a4b7b27?s=96&d=mm&r=g\",\"contentUrl\":\"https:\/\/secure.gravatar.com\/avatar\/ac0bbbb310a3b865331af0516a4b7b27?s=96&d=mm&r=g\",\"caption\":\"Kuska \u00c1d\u00e1m\"},\"logo\":{\"@id\":\"https:\/\/tataredony.hu\/#personlogo\"},\"sameAs\":[\"http:\/\/tataredony.hu\"]},{\"@type\":\"WebSite\",\"@id\":\"https:\/\/tataredony.hu\/#website\",\"url\":\"https:\/\/tataredony.hu\/\",\"name\":\"Tatared\u0151ny\",\"description\":\"Red\u0151ny, sz\u00fanyogh\u00e1l\u00f3 telep\u00edt\u00e9se, jav\u00edt\u00e1sa\",\"publisher\":{\"@id\":\"https:\/\/tataredony.hu\/#\/schema\/person\/2894f047c69ebc449692bbbeb9fe7db1\"},\"potentialAction\":[{\"@type\":\"SearchAction\",\"target\":{\"@type\":\"EntryPoint\",\"urlTemplate\":\"https:\/\/tataredony.hu\/?s={search_term_string}\"},\"query-input\":\"required name=search_term_string\"}],\"inLanguage\":\"hu\"},{\"@type\":\"WebPage\",\"@id\":\"https:\/\/tataredony.hu\/?page_id=56#webpage\",\"url\":\"https:\/\/tataredony.hu\/?page_id=56\",\"name\":\"Alum\u00ednium reluxa Tatared\u0151ny\",\"isPartOf\":{\"@id\":\"https:\/\/tataredony.hu\/#website\"},\"datePublished\":\"2020-09-10T08:57:38+00:00\",\"dateModified\":\"2020-10-16T13:30:40+00:00\",\"description\":\"Red\u0151ny, sz\u00fanyogh\u00e1l\u00f3 \u00e9s egy\u00e9b \u00e1rny\u00e9kol\u00e1stechnikai term\u00e9kek telep\u00edt\u00e9se \u00e9s jav\u00edt\u00e1sa. Minden term\u00e9k egyedi m\u00e9retre van gy\u00e1rtva. Tatab\u00e1nya 30km-es k\u00f6rzet\u00e9ben.\",\"breadcrumb\":{\"@id\":\"https:\/\/tataredony.hu\/?page_id=56#breadcrumb\"},\"inLanguage\":\"hu\",\"potentialAction\":[{\"@type\":\"ReadAction\",\"target\":[\"https:\/\/tataredony.hu\/?page_id=56\"]}]},{\"@type\":\"BreadcrumbList\",\"@id\":\"https:\/\/tataredony.hu\/?page_id=56#breadcrumb\",\"itemListElement\":[{\"@type\":\"ListItem\",\"position\":1,\"name\":\"Kezd\u0151lap\",\"item\":\"https:\/\/tataredony.hu\/\"},{\"@type\":\"ListItem\",\"position\":2,\"name\":\"Alum\u00ednium reluxa\"}]}]}<\/script>\n<!-- \/ Yoast SEO plugin. -->","yoast_head_json":{"title":"Alum\u00ednium reluxa Tatared\u0151ny","description":"Red\u0151ny, sz\u00fanyogh\u00e1l\u00f3 \u00e9s egy\u00e9b \u00e1rny\u00e9kol\u00e1stechnikai term\u00e9kek telep\u00edt\u00e9se \u00e9s jav\u00edt\u00e1sa. Minden term\u00e9k egyedi m\u00e9retre van gy\u00e1rtva. Tatab\u00e1nya 30km-es k\u00f6rzet\u00e9ben.","robots":{"index":"noindex","follow":"follow"},"og_locale":"hu_HU","og_type":"article","og_title":"Alum\u00ednium reluxa Tatared\u0151ny","og_description":"Red\u0151ny, sz\u00fanyogh\u00e1l\u00f3 \u00e9s egy\u00e9b \u00e1rny\u00e9kol\u00e1stechnikai term\u00e9kek telep\u00edt\u00e9se \u00e9s jav\u00edt\u00e1sa. Minden term\u00e9k egyedi m\u00e9retre van gy\u00e1rtva. Tatab\u00e1nya 30km-es k\u00f6rzet\u00e9ben.","og_url":"https:\/\/tataredony.hu\/?page_id=56","og_site_name":"Tatared\u0151ny","article_modified_time":"2020-10-16T13:30:40+00:00","twitter_card":"summary_large_image","twitter_misc":{"Becs\u00fclt olvas\u00e1si id\u0151":"4 perc"},"schema":{"@context":"https:\/\/schema.org","@graph":[{"@type":["Person","Organization"],"@id":"https:\/\/tataredony.hu\/#\/schema\/person\/2894f047c69ebc449692bbbeb9fe7db1","name":"Kuska \u00c1d\u00e1m","image":{"@type":"ImageObject","@id":"https:\/\/tataredony.hu\/#personlogo","inLanguage":"hu","url":"https:\/\/secure.gravatar.com\/avatar\/ac0bbbb310a3b865331af0516a4b7b27?s=96&d=mm&r=g","contentUrl":"https:\/\/secure.gravatar.com\/avatar\/ac0bbbb310a3b865331af0516a4b7b27?s=96&d=mm&r=g","caption":"Kuska \u00c1d\u00e1m"},"logo":{"@id":"https:\/\/tataredony.hu\/#personlogo"},"sameAs":["http:\/\/tataredony.hu"]},{"@type":"WebSite","@id":"https:\/\/tataredony.hu\/#website","url":"https:\/\/tataredony.hu\/","name":"Tatared\u0151ny","description":"Red\u0151ny, sz\u00fanyogh\u00e1l\u00f3 telep\u00edt\u00e9se, jav\u00edt\u00e1sa","publisher":{"@id":"https:\/\/tataredony.hu\/#\/schema\/person\/2894f047c69ebc449692bbbeb9fe7db1"},"potentialAction":[{"@type":"SearchAction","target":{"@type":"EntryPoint","urlTemplate":"https:\/\/tataredony.hu\/?s={search_term_string}"},"query-input":"required name=search_term_string"}],"inLanguage":"hu"},{"@type":"WebPage","@id":"https:\/\/tataredony.hu\/?page_id=56#webpage","url":"https:\/\/tataredony.hu\/?page_id=56","name":"Alum\u00ednium reluxa Tatared\u0151ny","isPartOf":{"@id":"https:\/\/tataredony.hu\/#website"},"datePublished":"2020-09-10T08:57:38+00:00","dateModified":"2020-10-16T13:30:40+00:00","description":"Red\u0151ny, sz\u00fanyogh\u00e1l\u00f3 \u00e9s egy\u00e9b \u00e1rny\u00e9kol\u00e1stechnikai term\u00e9kek telep\u00edt\u00e9se \u00e9s jav\u00edt\u00e1sa. Minden term\u00e9k egyedi m\u00e9retre van gy\u00e1rtva. Tatab\u00e1nya 30km-es k\u00f6rzet\u00e9ben.","breadcrumb":{"@id":"https:\/\/tataredony.hu\/?page_id=56#breadcrumb"},"inLanguage":"hu","potentialAction":[{"@type":"ReadAction","target":["https:\/\/tataredony.hu\/?page_id=56"]}]},{"@type":"BreadcrumbList","@id":"https:\/\/tataredony.hu\/?page_id=56#breadcrumb","itemListElement":[{"@type":"ListItem","position":1,"name":"Kezd\u0151lap","item":"https:\/\/tataredony.hu\/"},{"@type":"ListItem","position":2,"name":"Alum\u00ednium reluxa"}]}]}},"_links":{"self":[{"href":"https:\/\/tataredony.hu\/index.php?rest_route=\/wp\/v2\/pages\/56"}],"collection":[{"href":"https:\/\/tataredony.hu\/index.php?rest_route=\/wp\/v2\/pages"}],"about":[{"href":"https:\/\/tataredony.hu\/index.php?rest_route=\/wp\/v2\/types\/page"}],"author":[{"embeddable":true,"href":"https:\/\/tataredony.hu\/index.php?rest_route=\/wp\/v2\/users\/1"}],"replies":[{"embeddable":true,"href":"https:\/\/tataredony.hu\/index.php?rest_route=%2Fwp%2Fv2%2Fcomments&post=56"}],"version-history":[{"count":14,"href":"https:\/\/tataredony.hu\/index.php?rest_route=\/wp\/v2\/pages\/56\/revisions"}],"predecessor-version":[{"id":238,"href":"https:\/\/tataredony.hu\/index.php?rest_route=\/wp\/v2\/pages\/56\/revisions\/238"}],"wp:attachment":[{"href":"https:\/\/tataredony.hu\/index.php?rest_route=%2Fwp%2Fv2%2Fmedia&parent=56"}],"curies":[{"name":"wp","href":"https:\/\/api.w.org\/{rel}","templated":true}]}}