{"id":57,"date":"2020-09-10T08:57:38","date_gmt":"2020-09-10T08:57:38","guid":{"rendered":"http:\/\/tataredony.hu\/?page_id=57"},"modified":"2020-10-16T14:30:40","modified_gmt":"2020-10-16T13:30:40","slug":"szalagfuggony","status":"publish","type":"page","link":"https:\/\/tataredony.hu\/?page_id=57","title":{"rendered":"Szalagf\u00fcgg\u00f6ny"},"content":{"rendered":"<p>[pl_row pagelayer-id=&#8221;nj5gb2mwpus6xq92&#8243; ]<br \/>\n[pl_col pagelayer-id=&#8221;lmxv2qh1x2yo75qu&#8221;  col=&#8221;12&#8243;]<br \/>\n[pl_text pagelayer-id=&#8221;ovazywvnroupe3sz&#8221; ]<\/p>\n<p>[\/pl_text]<br \/>\n[\/pl_col]<br \/>\n[\/pl_row]<br \/>\n[pl_row pagelayer-id=&#8221;VXwEWXKMnxzFuo0I&#8221;  stretch=&#8221;auto&#8221; col_gap=&#8221;10&#8243; width_content=&#8221;auto&#8221; row_height=&#8221;default&#8221; overlay_hover_delay=&#8221;400&#8243; row_shape_top_color=&#8221;#227bc3&#8243; row_shape_top_width=&#8221;100&#8243; row_shape_top_height=&#8221;100&#8243; row_shape_bottom_color=&#8221;#e44993&#8243; row_shape_bottom_width=&#8221;100&#8243; row_shape_bottom_height=&#8221;100&#8243;]<br \/>\n[pl_col pagelayer-id=&#8221;RkrluSqFczq5huJW&#8221;  widget_space=&#8221;15&#8243; overlay_hover_delay=&#8221;400&#8243;]<br \/>\n[pl_image pagelayer-id=&#8221;a70ZMxnCBnlm2WIk&#8221;  id=&#8221;205&#8243; id-size=&#8221;full&#8221; align=&#8221;center&#8221; img_hover=&#8221;normal&#8221; img_hover_delay=&#8221;400&#8243; caption_color=&#8221;#0986c0&#8243;]<br \/>\n[\/pl_image]<br \/>\n[\/pl_col]<br \/>\n[\/pl_row]<br \/>\n[pl_row pagelayer-id=&#8221;YH4i7QuyB1aMCHJi&#8221;  stretch=&#8221;auto&#8221; col_gap=&#8221;10&#8243; width_content=&#8221;auto&#8221; row_height=&#8221;default&#8221; overlay_hover_delay=&#8221;400&#8243; row_shape_top_color=&#8221;#227bc3&#8243; row_shape_top_width=&#8221;100&#8243; row_shape_top_height=&#8221;100&#8243; row_shape_bottom_color=&#8221;#e44993&#8243; row_shape_bottom_width=&#8221;100&#8243; row_shape_bottom_height=&#8221;100&#8243;]<br \/>\n[pl_col pagelayer-id=&#8221;TyzgS7zEJVsxDyWu&#8221;  widget_space=&#8221;15&#8243; overlay_hover_delay=&#8221;400&#8243;]<br \/>\n[pl_heading pagelayer-id=&#8221;uDFRKapb6PsXfkTh&#8221;  heading_state=&#8221;normal&#8221;]<\/p>\n<h2>Szalagf\u00fcgg\u00f6ny<\/h2>\n<p>[\/pl_heading]<br \/>\n[pl_inner_row pagelayer-id=&#8221;1pB3G8dwpl4SgxDN&#8221;  stretch=&#8221;auto&#8221; col_gap=&#8221;10&#8243; width_content=&#8221;auto&#8221; row_height=&#8221;default&#8221; overlay_hover_delay=&#8221;400&#8243; row_shape_top_color=&#8221;#227bc3&#8243; row_shape_top_width=&#8221;100&#8243; row_shape_top_height=&#8221;100&#8243; row_shape_bottom_color=&#8221;#e44993&#8243; row_shape_bottom_width=&#8221;100&#8243; row_shape_bottom_height=&#8221;100&#8243;]<br \/>\n[pl_inner_col pagelayer-id=&#8221;LmOuigP3IidcReaj&#8221;  widget_space=&#8221;15&#8243; overlay_hover_delay=&#8221;400&#8243; col_width=&#8221;65.91&#8243;]<br \/>\n[pl_text pagelayer-id=&#8221;uJ0WFcwiQgsknTIH&#8221; ]<\/p>\n<p style=\"text-align: justify\"><span style=\"font-family: Lato, sans-serif;font-size: 18px;font-style: normal;font-weight: 400\">Kiv\u00e1l\u00f3 bels\u0151 \u00e1rny\u00e9kol\u00f3, a lamell\u00e1k elforgat\u00e1s\u00e1val nagyon j\u00f3l szab\u00e1lyozhatjuk a bels\u0151 f\u00e9ny mennyis\u00e9g\u00e9t. \u00d6sszeh\u00fazott \u00e1llapotban a lamellak\u00f6teg csak p\u00e1r cm-t foglal el, t\u00e9relv\u00e1laszt\u00f3k\u00e9nt is j\u00f3l funkcion\u00e1l. A vezet\u0151s\u00ednje konzolokkal a mennyezetre vagy f\u00fcgg\u0151leges fel\u00fcletekre is er\u0151s\u00edthet\u0151.&nbsp;<\/span><\/p>\n<p style=\"text-align: justify\"><span style=\"font-family: Lato, sans-serif;font-size: 18px;font-style: normal;font-weight: 400\"><br \/><\/span><\/p>\n<p style=\"text-align: justify\"><span style=\"font-family: Lato, sans-serif;font-size: 18px;font-style: normal;font-weight: 400\">Az alupigment\u00e1lt bevonat\u00fa szalagf\u00fcgg\u00f6ny eset\u00e9ben a vak\u00edt\u00f3 napf\u00e9nyben sem t\u00fckr\u00f6z\u0151dik a sz\u00e1m\u00edt\u00f3g\u00e9p monitora. Anyaguk szerint sokf\u00e9le szalagf\u00fcgg\u00f6ny lamella l\u00e9tezik, amely nagy el\u0151nyt jelent hiszen j\u00f3l tudunk v\u00e1lasztani a bels\u0151 t\u00e9rhez legink\u00e1bb ill\u0151 \u00e1rnyalatok \u00e9s anyagok k\u00f6z\u00fcl.<\/span><\/p>\n<p>[\/pl_text]<br \/>\n[\/pl_inner_col]<br \/>\n[pl_inner_col pagelayer-id=&#8221;PfKjzCIE0T8Ys5XV&#8221;  widget_space=&#8221;15&#8243; overlay_hover_delay=&#8221;400&#8243; col_width=&#8221;34.09&#8243;]<br \/>\n[pl_image pagelayer-id=&#8221;vvTQ4qGXe5EYm3qu&#8221;  id=&#8221;194&#8243; id-size=&#8221;full&#8221; align=&#8221;center&#8221; img_hover=&#8221;normal&#8221; img_hover_delay=&#8221;400&#8243; caption_color=&#8221;#0986c0&#8243;]<\/p>\n<p>[\/pl_image]<br \/>\n[\/pl_inner_col]<br \/>\n[\/pl_inner_row]<br \/>\n[\/pl_col]<br \/>\n[\/pl_row]<\/p>\n","protected":false},"excerpt":{"rendered":"<p>[pl_row pagelayer-id=&#8221;nj5gb2mwpus6xq92&#8243; ] [pl_col pagelayer-id=&#8221;lmxv2qh1x2yo75qu&#8221; col=&#8221;12&#8243;] [pl_text pagelayer-id=&#8221;ovazywvnroupe3sz&#8221; ] [\/pl_text] [\/pl_col] [\/pl_row] [pl_row pagelayer-id=&#8221;VXwEWXKMnxzFuo0I&#8221; stretch=&#8221;auto&#8221; col_gap=&#8221;10&#8243; width_content=&#8221;auto&#8221; row_height=&#8221;default&#8221; overlay_hover_delay=&#8221;400&#8243; row_shape_top_color=&#8221;#227bc3&#8243; row_shape_top_width=&#8221;100&#8243; row_shape_top_height=&#8221;100&#8243; row_shape_bottom_color=&#8221;#e44993&#8243; row_shape_bottom_width=&#8221;100&#8243; row_shape_bottom_height=&#8221;100&#8243;] [pl_col pagelayer-id=&#8221;RkrluSqFczq5huJW&#8221; widget_space=&#8221;15&#8243; overlay_hover_delay=&#8221;400&#8243;] [pl_image pagelayer-id=&#8221;a70ZMxnCBnlm2WIk&#8221; id=&#8221;205&#8243; id-size=&#8221;full&#8221; align=&#8221;center&#8221; img_hover=&#8221;normal&#8221; img_hover_delay=&#8221;400&#8243; caption_color=&#8221;#0986c0&#8243;] [\/pl_image] [\/pl_col] [\/pl_row] [pl_row pagelayer-id=&#8221;YH4i7QuyB1aMCHJi&#8221; stretch=&#8221;auto&#8221; col_gap=&#8221;10&#8243; width_content=&#8221;auto&#8221; row_height=&#8221;default&#8221; overlay_hover_delay=&#8221;400&#8243; row_shape_top_color=&#8221;#227bc3&#8243; row_shape_top_width=&#8221;100&#8243; row_shape_top_height=&#8221;100&#8243; row_shape_bottom_color=&#8221;#e44993&#8243; row_shape_bottom_width=&#8221;100&#8243; row_shape_bottom_height=&#8221;100&#8243;] [pl_col pagelayer-id=&#8221;TyzgS7zEJVsxDyWu&#8221; [&hellip;]<\/p>\n","protected":false},"author":1,"featured_media":0,"parent":0,"menu_order":0,"comment_status":"closed","ping_status":"closed","template":"","meta":[],"yoast_head":"<!-- This site is optimized with the Yoast SEO plugin v18.1 - https:\/\/yoast.com\/wordpress\/plugins\/seo\/ -->\n<title>Szalagf\u00fcgg\u00f6ny Tatared\u0151ny<\/title>\n<meta name=\"description\" content=\"Red\u0151ny, sz\u00fanyogh\u00e1l\u00f3 \u00e9s egy\u00e9b \u00e1rny\u00e9kol\u00e1stechnikai term\u00e9kek telep\u00edt\u00e9se \u00e9s jav\u00edt\u00e1sa. Minden term\u00e9k egyedi m\u00e9retre van gy\u00e1rtva. Tatab\u00e1nya 30km-es k\u00f6rzet\u00e9ben.\" \/>\n<meta name=\"robots\" content=\"noindex, follow\" \/>\n<meta property=\"og:locale\" content=\"hu_HU\" \/>\n<meta property=\"og:type\" content=\"article\" \/>\n<meta property=\"og:title\" content=\"Szalagf\u00fcgg\u00f6ny Tatared\u0151ny\" \/>\n<meta property=\"og:description\" content=\"Red\u0151ny, sz\u00fanyogh\u00e1l\u00f3 \u00e9s egy\u00e9b \u00e1rny\u00e9kol\u00e1stechnikai term\u00e9kek telep\u00edt\u00e9se \u00e9s jav\u00edt\u00e1sa. Minden term\u00e9k egyedi m\u00e9retre van gy\u00e1rtva. Tatab\u00e1nya 30km-es k\u00f6rzet\u00e9ben.\" \/>\n<meta property=\"og:url\" content=\"https:\/\/tataredony.hu\/?page_id=57\" \/>\n<meta property=\"og:site_name\" content=\"Tatared\u0151ny\" \/>\n<meta property=\"article:modified_time\" content=\"2020-10-16T13:30:40+00:00\" \/>\n<meta name=\"twitter:card\" content=\"summary_large_image\" \/>\n<meta name=\"twitter:label1\" content=\"Becs\u00fclt olvas\u00e1si id\u0151\" \/>\n\t<meta name=\"twitter:data1\" content=\"2 perc\" \/>\n<script type=\"application\/ld+json\" class=\"yoast-schema-graph\">{\"@context\":\"https:\/\/schema.org\",\"@graph\":[{\"@type\":[\"Person\",\"Organization\"],\"@id\":\"https:\/\/tataredony.hu\/#\/schema\/person\/2894f047c69ebc449692bbbeb9fe7db1\",\"name\":\"Kuska \u00c1d\u00e1m\",\"image\":{\"@type\":\"ImageObject\",\"@id\":\"https:\/\/tataredony.hu\/#personlogo\",\"inLanguage\":\"hu\",\"url\":\"https:\/\/secure.gravatar.com\/avatar\/ac0bbbb310a3b865331af0516a4b7b27?s=96&d=mm&r=g\",\"contentUrl\":\"https:\/\/secure.gravatar.com\/avatar\/ac0bbbb310a3b865331af0516a4b7b27?s=96&d=mm&r=g\",\"caption\":\"Kuska \u00c1d\u00e1m\"},\"logo\":{\"@id\":\"https:\/\/tataredony.hu\/#personlogo\"},\"sameAs\":[\"http:\/\/tataredony.hu\"]},{\"@type\":\"WebSite\",\"@id\":\"https:\/\/tataredony.hu\/#website\",\"url\":\"https:\/\/tataredony.hu\/\",\"name\":\"Tatared\u0151ny\",\"description\":\"Red\u0151ny, sz\u00fanyogh\u00e1l\u00f3 telep\u00edt\u00e9se, jav\u00edt\u00e1sa\",\"publisher\":{\"@id\":\"https:\/\/tataredony.hu\/#\/schema\/person\/2894f047c69ebc449692bbbeb9fe7db1\"},\"potentialAction\":[{\"@type\":\"SearchAction\",\"target\":{\"@type\":\"EntryPoint\",\"urlTemplate\":\"https:\/\/tataredony.hu\/?s={search_term_string}\"},\"query-input\":\"required name=search_term_string\"}],\"inLanguage\":\"hu\"},{\"@type\":\"WebPage\",\"@id\":\"https:\/\/tataredony.hu\/?page_id=57#webpage\",\"url\":\"https:\/\/tataredony.hu\/?page_id=57\",\"name\":\"Szalagf\u00fcgg\u00f6ny Tatared\u0151ny\",\"isPartOf\":{\"@id\":\"https:\/\/tataredony.hu\/#website\"},\"datePublished\":\"2020-09-10T08:57:38+00:00\",\"dateModified\":\"2020-10-16T13:30:40+00:00\",\"description\":\"Red\u0151ny, sz\u00fanyogh\u00e1l\u00f3 \u00e9s egy\u00e9b \u00e1rny\u00e9kol\u00e1stechnikai term\u00e9kek telep\u00edt\u00e9se \u00e9s jav\u00edt\u00e1sa. Minden term\u00e9k egyedi m\u00e9retre van gy\u00e1rtva. Tatab\u00e1nya 30km-es k\u00f6rzet\u00e9ben.\",\"breadcrumb\":{\"@id\":\"https:\/\/tataredony.hu\/?page_id=57#breadcrumb\"},\"inLanguage\":\"hu\",\"potentialAction\":[{\"@type\":\"ReadAction\",\"target\":[\"https:\/\/tataredony.hu\/?page_id=57\"]}]},{\"@type\":\"BreadcrumbList\",\"@id\":\"https:\/\/tataredony.hu\/?page_id=57#breadcrumb\",\"itemListElement\":[{\"@type\":\"ListItem\",\"position\":1,\"name\":\"Kezd\u0151lap\",\"item\":\"https:\/\/tataredony.hu\/\"},{\"@type\":\"ListItem\",\"position\":2,\"name\":\"Szalagf\u00fcgg\u00f6ny\"}]}]}<\/script>\n<!-- \/ Yoast SEO plugin. -->","yoast_head_json":{"title":"Szalagf\u00fcgg\u00f6ny Tatared\u0151ny","description":"Red\u0151ny, sz\u00fanyogh\u00e1l\u00f3 \u00e9s egy\u00e9b \u00e1rny\u00e9kol\u00e1stechnikai term\u00e9kek telep\u00edt\u00e9se \u00e9s jav\u00edt\u00e1sa. Minden term\u00e9k egyedi m\u00e9retre van gy\u00e1rtva. Tatab\u00e1nya 30km-es k\u00f6rzet\u00e9ben.","robots":{"index":"noindex","follow":"follow"},"og_locale":"hu_HU","og_type":"article","og_title":"Szalagf\u00fcgg\u00f6ny Tatared\u0151ny","og_description":"Red\u0151ny, sz\u00fanyogh\u00e1l\u00f3 \u00e9s egy\u00e9b \u00e1rny\u00e9kol\u00e1stechnikai term\u00e9kek telep\u00edt\u00e9se \u00e9s jav\u00edt\u00e1sa. Minden term\u00e9k egyedi m\u00e9retre van gy\u00e1rtva. Tatab\u00e1nya 30km-es k\u00f6rzet\u00e9ben.","og_url":"https:\/\/tataredony.hu\/?page_id=57","og_site_name":"Tatared\u0151ny","article_modified_time":"2020-10-16T13:30:40+00:00","twitter_card":"summary_large_image","twitter_misc":{"Becs\u00fclt olvas\u00e1si id\u0151":"2 perc"},"schema":{"@context":"https:\/\/schema.org","@graph":[{"@type":["Person","Organization"],"@id":"https:\/\/tataredony.hu\/#\/schema\/person\/2894f047c69ebc449692bbbeb9fe7db1","name":"Kuska \u00c1d\u00e1m","image":{"@type":"ImageObject","@id":"https:\/\/tataredony.hu\/#personlogo","inLanguage":"hu","url":"https:\/\/secure.gravatar.com\/avatar\/ac0bbbb310a3b865331af0516a4b7b27?s=96&d=mm&r=g","contentUrl":"https:\/\/secure.gravatar.com\/avatar\/ac0bbbb310a3b865331af0516a4b7b27?s=96&d=mm&r=g","caption":"Kuska \u00c1d\u00e1m"},"logo":{"@id":"https:\/\/tataredony.hu\/#personlogo"},"sameAs":["http:\/\/tataredony.hu"]},{"@type":"WebSite","@id":"https:\/\/tataredony.hu\/#website","url":"https:\/\/tataredony.hu\/","name":"Tatared\u0151ny","description":"Red\u0151ny, sz\u00fanyogh\u00e1l\u00f3 telep\u00edt\u00e9se, jav\u00edt\u00e1sa","publisher":{"@id":"https:\/\/tataredony.hu\/#\/schema\/person\/2894f047c69ebc449692bbbeb9fe7db1"},"potentialAction":[{"@type":"SearchAction","target":{"@type":"EntryPoint","urlTemplate":"https:\/\/tataredony.hu\/?s={search_term_string}"},"query-input":"required name=search_term_string"}],"inLanguage":"hu"},{"@type":"WebPage","@id":"https:\/\/tataredony.hu\/?page_id=57#webpage","url":"https:\/\/tataredony.hu\/?page_id=57","name":"Szalagf\u00fcgg\u00f6ny Tatared\u0151ny","isPartOf":{"@id":"https:\/\/tataredony.hu\/#website"},"datePublished":"2020-09-10T08:57:38+00:00","dateModified":"2020-10-16T13:30:40+00:00","description":"Red\u0151ny, sz\u00fanyogh\u00e1l\u00f3 \u00e9s egy\u00e9b \u00e1rny\u00e9kol\u00e1stechnikai term\u00e9kek telep\u00edt\u00e9se \u00e9s jav\u00edt\u00e1sa. Minden term\u00e9k egyedi m\u00e9retre van gy\u00e1rtva. Tatab\u00e1nya 30km-es k\u00f6rzet\u00e9ben.","breadcrumb":{"@id":"https:\/\/tataredony.hu\/?page_id=57#breadcrumb"},"inLanguage":"hu","potentialAction":[{"@type":"ReadAction","target":["https:\/\/tataredony.hu\/?page_id=57"]}]},{"@type":"BreadcrumbList","@id":"https:\/\/tataredony.hu\/?page_id=57#breadcrumb","itemListElement":[{"@type":"ListItem","position":1,"name":"Kezd\u0151lap","item":"https:\/\/tataredony.hu\/"},{"@type":"ListItem","position":2,"name":"Szalagf\u00fcgg\u00f6ny"}]}]}},"_links":{"self":[{"href":"https:\/\/tataredony.hu\/index.php?rest_route=\/wp\/v2\/pages\/57"}],"collection":[{"href":"https:\/\/tataredony.hu\/index.php?rest_route=\/wp\/v2\/pages"}],"about":[{"href":"https:\/\/tataredony.hu\/index.php?rest_route=\/wp\/v2\/types\/page"}],"author":[{"embeddable":true,"href":"https:\/\/tataredony.hu\/index.php?rest_route=\/wp\/v2\/users\/1"}],"replies":[{"embeddable":true,"href":"https:\/\/tataredony.hu\/index.php?rest_route=%2Fwp%2Fv2%2Fcomments&post=57"}],"version-history":[{"count":4,"href":"https:\/\/tataredony.hu\/index.php?rest_route=\/wp\/v2\/pages\/57\/revisions"}],"predecessor-version":[{"id":210,"href":"https:\/\/tataredony.hu\/index.php?rest_route=\/wp\/v2\/pages\/57\/revisions\/210"}],"wp:attachment":[{"href":"https:\/\/tataredony.hu\/index.php?rest_route=%2Fwp%2Fv2%2Fmedia&parent=57"}],"curies":[{"name":"wp","href":"https:\/\/api.w.org\/{rel}","templated":true}]}}