{"id":58,"date":"2020-09-10T08:57:38","date_gmt":"2020-09-10T08:57:38","guid":{"rendered":"http:\/\/tataredony.hu\/?page_id=58"},"modified":"2020-10-16T14:30:40","modified_gmt":"2020-10-16T13:30:40","slug":"harmonika-ajto","status":"publish","type":"page","link":"https:\/\/tataredony.hu\/?page_id=58","title":{"rendered":"Harmonika ajt\u00f3"},"content":{"rendered":"<p>[pl_row pagelayer-id=&#8221;M7MJE9bxaTukDVR2&#8243;  stretch=&#8221;auto&#8221; col_gap=&#8221;10&#8243; width_content=&#8221;auto&#8221; row_height=&#8221;default&#8221; overlay_hover_delay=&#8221;400&#8243; row_shape_top_color=&#8221;#227bc3&#8243; row_shape_top_width=&#8221;100&#8243; row_shape_top_height=&#8221;100&#8243; row_shape_bottom_color=&#8221;#e44993&#8243; row_shape_bottom_width=&#8221;100&#8243; row_shape_bottom_height=&#8221;100&#8243;]<br \/>\n[pl_col pagelayer-id=&#8221;5SCp5Zg8cgXA6Zed&#8221;  widget_space=&#8221;15&#8243; overlay_hover_delay=&#8221;400&#8243;]<br \/>\n[pl_image pagelayer-id=&#8221;G8Wb5ID001zJrt3y&#8221;  id=&#8221;205&#8243; id-size=&#8221;full&#8221; align=&#8221;center&#8221; img_hover=&#8221;normal&#8221; img_hover_delay=&#8221;400&#8243; caption_color=&#8221;#0986c0&#8243;]<br \/>\n[\/pl_image]<br \/>\n[\/pl_col]<br \/>\n[\/pl_row]<br \/>\n[pl_row pagelayer-id=&#8221;EVLz08kOpsddtIUZ&#8221;  stretch=&#8221;auto&#8221; col_gap=&#8221;10&#8243; width_content=&#8221;auto&#8221; row_height=&#8221;default&#8221; overlay_hover_delay=&#8221;400&#8243; row_shape_top_color=&#8221;#227bc3&#8243; row_shape_top_width=&#8221;100&#8243; row_shape_top_height=&#8221;100&#8243; row_shape_bottom_color=&#8221;#e44993&#8243; row_shape_bottom_width=&#8221;100&#8243; row_shape_bottom_height=&#8221;100&#8243;]<br \/>\n[pl_col pagelayer-id=&#8221;FySzURIzBquS5w1h&#8221;  widget_space=&#8221;15&#8243; overlay_hover_delay=&#8221;400&#8243; col=&#8221;6&#8243;]<br \/>\n[pl_heading pagelayer-id=&#8221;07W8rFBpvh76UDfI&#8221;  heading_state=&#8221;normal&#8221;]<\/p>\n<h2>Harm\u00f3nika ajt\u00f3<\/h2>\n<p>[\/pl_heading]<br \/>\n[pl_text pagelayer-id=&#8221;Z3gICtp8EbAswMjj&#8221; ]<\/p>\n<p style=\"text-align: justify\"><span style=\"font-family: Cabin, sans-serif;font-size: 16px;background-color: transparent\">A harmonikaajt\u00f3 egy bels\u0151 t\u00e9relv\u00e1laszt\u00f3 mely oldalra elh\u00fazhat\u00f3, m\u0171anyagb\u00f3l k\u00e9sz\u00fcl. Belt\u00e9ri ajt\u00f3k helyettes\u00edt\u00e9s\u00e9re, t\u00e9relv\u00e1laszt\u00e1sra haszn\u00e1lhat\u00f3 k\u00f6nny\u0171 szerkezet.&nbsp;<\/span><\/p>\n<p><span style=\"background-color: transparent;font-family: Cabin, sans-serif;font-size: 16px\"><br \/><\/span><\/p>\n<p style=\"text-align: justify\"><span style=\"background-color: transparent;font-family: Cabin, sans-serif;font-size: 16px\">Alapsz\u00edne feh\u00e9r, ez a leggyakoribb, de lehet nat\u00farfa, koloni\u00e1l, barna, sz\u00fcrke sz\u00edn\u0171 is. A maximum magass\u00e1g h\u00e1rom m\u00e9ter, a sz\u00e9less\u00e9g nagyobb is lehet. Ez esetben k\u00e9t r\u00e9szb\u0151l k\u00e9sz\u00edtj\u00fck el.<\/span><\/p>\n<p style=\"text-align: justify\"><span style=\"font-family: Cabin, sans-serif;font-size: 16px;background-color: transparent\">\u00d6sszecsukott \u00e1llapotban a ny\u00edl\u00e1s sz\u00e9less\u00e9g\u00e9b\u0151l m\u00e9rett\u0151l f\u00fcgg\u0151en 10-15 cm-t vesz el. Csak fel\u00fcl van s\u00edn, mert az als\u00f3 s\u00ednre ha r\u00e1l\u00e9p\u00fcnk \u00f6sszet\u00f6rne, esetleg felbotlan\u00e1nk benne. A gyerekek is k\u00f6nnyen kezelhetik.<\/span><\/p>\n<p><\/p>\n<p><span style=\"font-family: Cabin, sans-serif;font-size: 16px;font-style: normal;font-weight: 400\">Mos\u00f3szeres v\u00edzzel tiszt\u00edthat\u00f3. \u00e9rheti v\u00edz \u00e9s p\u00e1ra, ez nem fog elvetemedni.<\/span><\/p>\n<p>[\/pl_text]<br \/>\n[\/pl_col]<br \/>\n[pl_col pagelayer-id=&#8221;oSjwiCcla3X8ALWE&#8221;  widget_space=&#8221;15&#8243; overlay_hover_delay=&#8221;400&#8243; col=&#8221;6&#8243;]<br \/>\n[pl_image pagelayer-id=&#8221;xlKSSgWd8jz2QueD&#8221;  id=&#8221;203&#8243; id-size=&#8221;custom&#8221; align=&#8221;center&#8221; img_hover=&#8221;normal&#8221; img_hover_delay=&#8221;400&#8243; caption_color=&#8221;#0986c0&#8243; custom_size=&#8221;400x&#8221;]<br \/>\n[\/pl_image]<br \/>\n[\/pl_col]<br \/>\n[\/pl_row]<\/p>\n","protected":false},"excerpt":{"rendered":"<p>[pl_row pagelayer-id=&#8221;M7MJE9bxaTukDVR2&#8243; stretch=&#8221;auto&#8221; col_gap=&#8221;10&#8243; width_content=&#8221;auto&#8221; row_height=&#8221;default&#8221; overlay_hover_delay=&#8221;400&#8243; row_shape_top_color=&#8221;#227bc3&#8243; row_shape_top_width=&#8221;100&#8243; row_shape_top_height=&#8221;100&#8243; row_shape_bottom_color=&#8221;#e44993&#8243; row_shape_bottom_width=&#8221;100&#8243; row_shape_bottom_height=&#8221;100&#8243;] [pl_col pagelayer-id=&#8221;5SCp5Zg8cgXA6Zed&#8221; widget_space=&#8221;15&#8243; overlay_hover_delay=&#8221;400&#8243;] [pl_image pagelayer-id=&#8221;G8Wb5ID001zJrt3y&#8221; id=&#8221;205&#8243; id-size=&#8221;full&#8221; align=&#8221;center&#8221; img_hover=&#8221;normal&#8221; img_hover_delay=&#8221;400&#8243; caption_color=&#8221;#0986c0&#8243;] [\/pl_image] [\/pl_col] [\/pl_row] [pl_row pagelayer-id=&#8221;EVLz08kOpsddtIUZ&#8221; stretch=&#8221;auto&#8221; col_gap=&#8221;10&#8243; width_content=&#8221;auto&#8221; row_height=&#8221;default&#8221; overlay_hover_delay=&#8221;400&#8243; row_shape_top_color=&#8221;#227bc3&#8243; row_shape_top_width=&#8221;100&#8243; row_shape_top_height=&#8221;100&#8243; row_shape_bottom_color=&#8221;#e44993&#8243; row_shape_bottom_width=&#8221;100&#8243; row_shape_bottom_height=&#8221;100&#8243;] [pl_col pagelayer-id=&#8221;FySzURIzBquS5w1h&#8221; widget_space=&#8221;15&#8243; overlay_hover_delay=&#8221;400&#8243; col=&#8221;6&#8243;] [pl_heading pagelayer-id=&#8221;07W8rFBpvh76UDfI&#8221; heading_state=&#8221;normal&#8221;] Harm\u00f3nika ajt\u00f3 [\/pl_heading] [pl_text pagelayer-id=&#8221;Z3gICtp8EbAswMjj&#8221; ] [&hellip;]<\/p>\n","protected":false},"author":1,"featured_media":0,"parent":0,"menu_order":0,"comment_status":"closed","ping_status":"closed","template":"","meta":[],"yoast_head":"<!-- This site is optimized with the Yoast SEO plugin v18.1 - https:\/\/yoast.com\/wordpress\/plugins\/seo\/ -->\n<title>Harmonika ajt\u00f3 Tatared\u0151ny<\/title>\n<meta name=\"description\" content=\"Red\u0151ny, sz\u00fanyogh\u00e1l\u00f3 \u00e9s egy\u00e9b \u00e1rny\u00e9kol\u00e1stechnikai term\u00e9kek telep\u00edt\u00e9se \u00e9s jav\u00edt\u00e1sa. Minden term\u00e9k egyedi m\u00e9retre van gy\u00e1rtva. Tatab\u00e1nya 30km-es k\u00f6rzet\u00e9ben.\" \/>\n<meta name=\"robots\" content=\"noindex, follow\" \/>\n<meta property=\"og:locale\" content=\"hu_HU\" \/>\n<meta property=\"og:type\" content=\"article\" \/>\n<meta property=\"og:title\" content=\"Harmonika ajt\u00f3 Tatared\u0151ny\" \/>\n<meta property=\"og:description\" content=\"Red\u0151ny, sz\u00fanyogh\u00e1l\u00f3 \u00e9s egy\u00e9b \u00e1rny\u00e9kol\u00e1stechnikai term\u00e9kek telep\u00edt\u00e9se \u00e9s jav\u00edt\u00e1sa. Minden term\u00e9k egyedi m\u00e9retre van gy\u00e1rtva. Tatab\u00e1nya 30km-es k\u00f6rzet\u00e9ben.\" \/>\n<meta property=\"og:url\" content=\"https:\/\/tataredony.hu\/?page_id=58\" \/>\n<meta property=\"og:site_name\" content=\"Tatared\u0151ny\" \/>\n<meta property=\"article:modified_time\" content=\"2020-10-16T13:30:40+00:00\" \/>\n<meta name=\"twitter:card\" content=\"summary_large_image\" \/>\n<meta name=\"twitter:label1\" content=\"Becs\u00fclt olvas\u00e1si id\u0151\" \/>\n\t<meta name=\"twitter:data1\" content=\"2 perc\" \/>\n<script type=\"application\/ld+json\" class=\"yoast-schema-graph\">{\"@context\":\"https:\/\/schema.org\",\"@graph\":[{\"@type\":[\"Person\",\"Organization\"],\"@id\":\"https:\/\/tataredony.hu\/#\/schema\/person\/2894f047c69ebc449692bbbeb9fe7db1\",\"name\":\"Kuska \u00c1d\u00e1m\",\"image\":{\"@type\":\"ImageObject\",\"@id\":\"https:\/\/tataredony.hu\/#personlogo\",\"inLanguage\":\"hu\",\"url\":\"https:\/\/secure.gravatar.com\/avatar\/ac0bbbb310a3b865331af0516a4b7b27?s=96&d=mm&r=g\",\"contentUrl\":\"https:\/\/secure.gravatar.com\/avatar\/ac0bbbb310a3b865331af0516a4b7b27?s=96&d=mm&r=g\",\"caption\":\"Kuska \u00c1d\u00e1m\"},\"logo\":{\"@id\":\"https:\/\/tataredony.hu\/#personlogo\"},\"sameAs\":[\"http:\/\/tataredony.hu\"]},{\"@type\":\"WebSite\",\"@id\":\"https:\/\/tataredony.hu\/#website\",\"url\":\"https:\/\/tataredony.hu\/\",\"name\":\"Tatared\u0151ny\",\"description\":\"Red\u0151ny, sz\u00fanyogh\u00e1l\u00f3 telep\u00edt\u00e9se, jav\u00edt\u00e1sa\",\"publisher\":{\"@id\":\"https:\/\/tataredony.hu\/#\/schema\/person\/2894f047c69ebc449692bbbeb9fe7db1\"},\"potentialAction\":[{\"@type\":\"SearchAction\",\"target\":{\"@type\":\"EntryPoint\",\"urlTemplate\":\"https:\/\/tataredony.hu\/?s={search_term_string}\"},\"query-input\":\"required name=search_term_string\"}],\"inLanguage\":\"hu\"},{\"@type\":\"WebPage\",\"@id\":\"https:\/\/tataredony.hu\/?page_id=58#webpage\",\"url\":\"https:\/\/tataredony.hu\/?page_id=58\",\"name\":\"Harmonika ajt\u00f3 Tatared\u0151ny\",\"isPartOf\":{\"@id\":\"https:\/\/tataredony.hu\/#website\"},\"datePublished\":\"2020-09-10T08:57:38+00:00\",\"dateModified\":\"2020-10-16T13:30:40+00:00\",\"description\":\"Red\u0151ny, sz\u00fanyogh\u00e1l\u00f3 \u00e9s egy\u00e9b \u00e1rny\u00e9kol\u00e1stechnikai term\u00e9kek telep\u00edt\u00e9se \u00e9s jav\u00edt\u00e1sa. Minden term\u00e9k egyedi m\u00e9retre van gy\u00e1rtva. Tatab\u00e1nya 30km-es k\u00f6rzet\u00e9ben.\",\"breadcrumb\":{\"@id\":\"https:\/\/tataredony.hu\/?page_id=58#breadcrumb\"},\"inLanguage\":\"hu\",\"potentialAction\":[{\"@type\":\"ReadAction\",\"target\":[\"https:\/\/tataredony.hu\/?page_id=58\"]}]},{\"@type\":\"BreadcrumbList\",\"@id\":\"https:\/\/tataredony.hu\/?page_id=58#breadcrumb\",\"itemListElement\":[{\"@type\":\"ListItem\",\"position\":1,\"name\":\"Kezd\u0151lap\",\"item\":\"https:\/\/tataredony.hu\/\"},{\"@type\":\"ListItem\",\"position\":2,\"name\":\"Harmonika ajt\u00f3\"}]}]}<\/script>\n<!-- \/ Yoast SEO plugin. -->","yoast_head_json":{"title":"Harmonika ajt\u00f3 Tatared\u0151ny","description":"Red\u0151ny, sz\u00fanyogh\u00e1l\u00f3 \u00e9s egy\u00e9b \u00e1rny\u00e9kol\u00e1stechnikai term\u00e9kek telep\u00edt\u00e9se \u00e9s jav\u00edt\u00e1sa. Minden term\u00e9k egyedi m\u00e9retre van gy\u00e1rtva. Tatab\u00e1nya 30km-es k\u00f6rzet\u00e9ben.","robots":{"index":"noindex","follow":"follow"},"og_locale":"hu_HU","og_type":"article","og_title":"Harmonika ajt\u00f3 Tatared\u0151ny","og_description":"Red\u0151ny, sz\u00fanyogh\u00e1l\u00f3 \u00e9s egy\u00e9b \u00e1rny\u00e9kol\u00e1stechnikai term\u00e9kek telep\u00edt\u00e9se \u00e9s jav\u00edt\u00e1sa. Minden term\u00e9k egyedi m\u00e9retre van gy\u00e1rtva. Tatab\u00e1nya 30km-es k\u00f6rzet\u00e9ben.","og_url":"https:\/\/tataredony.hu\/?page_id=58","og_site_name":"Tatared\u0151ny","article_modified_time":"2020-10-16T13:30:40+00:00","twitter_card":"summary_large_image","twitter_misc":{"Becs\u00fclt olvas\u00e1si id\u0151":"2 perc"},"schema":{"@context":"https:\/\/schema.org","@graph":[{"@type":["Person","Organization"],"@id":"https:\/\/tataredony.hu\/#\/schema\/person\/2894f047c69ebc449692bbbeb9fe7db1","name":"Kuska \u00c1d\u00e1m","image":{"@type":"ImageObject","@id":"https:\/\/tataredony.hu\/#personlogo","inLanguage":"hu","url":"https:\/\/secure.gravatar.com\/avatar\/ac0bbbb310a3b865331af0516a4b7b27?s=96&d=mm&r=g","contentUrl":"https:\/\/secure.gravatar.com\/avatar\/ac0bbbb310a3b865331af0516a4b7b27?s=96&d=mm&r=g","caption":"Kuska \u00c1d\u00e1m"},"logo":{"@id":"https:\/\/tataredony.hu\/#personlogo"},"sameAs":["http:\/\/tataredony.hu"]},{"@type":"WebSite","@id":"https:\/\/tataredony.hu\/#website","url":"https:\/\/tataredony.hu\/","name":"Tatared\u0151ny","description":"Red\u0151ny, sz\u00fanyogh\u00e1l\u00f3 telep\u00edt\u00e9se, jav\u00edt\u00e1sa","publisher":{"@id":"https:\/\/tataredony.hu\/#\/schema\/person\/2894f047c69ebc449692bbbeb9fe7db1"},"potentialAction":[{"@type":"SearchAction","target":{"@type":"EntryPoint","urlTemplate":"https:\/\/tataredony.hu\/?s={search_term_string}"},"query-input":"required name=search_term_string"}],"inLanguage":"hu"},{"@type":"WebPage","@id":"https:\/\/tataredony.hu\/?page_id=58#webpage","url":"https:\/\/tataredony.hu\/?page_id=58","name":"Harmonika ajt\u00f3 Tatared\u0151ny","isPartOf":{"@id":"https:\/\/tataredony.hu\/#website"},"datePublished":"2020-09-10T08:57:38+00:00","dateModified":"2020-10-16T13:30:40+00:00","description":"Red\u0151ny, sz\u00fanyogh\u00e1l\u00f3 \u00e9s egy\u00e9b \u00e1rny\u00e9kol\u00e1stechnikai term\u00e9kek telep\u00edt\u00e9se \u00e9s jav\u00edt\u00e1sa. Minden term\u00e9k egyedi m\u00e9retre van gy\u00e1rtva. Tatab\u00e1nya 30km-es k\u00f6rzet\u00e9ben.","breadcrumb":{"@id":"https:\/\/tataredony.hu\/?page_id=58#breadcrumb"},"inLanguage":"hu","potentialAction":[{"@type":"ReadAction","target":["https:\/\/tataredony.hu\/?page_id=58"]}]},{"@type":"BreadcrumbList","@id":"https:\/\/tataredony.hu\/?page_id=58#breadcrumb","itemListElement":[{"@type":"ListItem","position":1,"name":"Kezd\u0151lap","item":"https:\/\/tataredony.hu\/"},{"@type":"ListItem","position":2,"name":"Harmonika ajt\u00f3"}]}]}},"_links":{"self":[{"href":"https:\/\/tataredony.hu\/index.php?rest_route=\/wp\/v2\/pages\/58"}],"collection":[{"href":"https:\/\/tataredony.hu\/index.php?rest_route=\/wp\/v2\/pages"}],"about":[{"href":"https:\/\/tataredony.hu\/index.php?rest_route=\/wp\/v2\/types\/page"}],"author":[{"embeddable":true,"href":"https:\/\/tataredony.hu\/index.php?rest_route=\/wp\/v2\/users\/1"}],"replies":[{"embeddable":true,"href":"https:\/\/tataredony.hu\/index.php?rest_route=%2Fwp%2Fv2%2Fcomments&post=58"}],"version-history":[{"count":6,"href":"https:\/\/tataredony.hu\/index.php?rest_route=\/wp\/v2\/pages\/58\/revisions"}],"predecessor-version":[{"id":207,"href":"https:\/\/tataredony.hu\/index.php?rest_route=\/wp\/v2\/pages\/58\/revisions\/207"}],"wp:attachment":[{"href":"https:\/\/tataredony.hu\/index.php?rest_route=%2Fwp%2Fv2%2Fmedia&parent=58"}],"curies":[{"name":"wp","href":"https:\/\/api.w.org\/{rel}","templated":true}]}}